{"id":4852,"date":"2019-07-19T14:29:03","date_gmt":"2019-07-19T12:29:03","guid":{"rendered":"https:\/\/www.tharita.fr\/product\/cephus\/"},"modified":"2022-07-13T10:45:30","modified_gmt":"2022-07-13T08:45:30","slug":"cephus","status":"publish","type":"product","link":"https:\/\/www.tharita.fr\/es\/producto\/cephus\/","title":{"rendered":"Cephus"},"content":{"rendered":"","protected":false},"excerpt":{"rendered":"<p>&nbsp;<\/p>\n<p>EDICI\u00d3N LIMITADA:<\/p>\n<p>Este top de dos piezas en \u00abV\u00bb tiene tirantes largos anudados en el cuello y tambi\u00e9n en la espalda. Este top hace juego con una braga con una costura en las nalgas dise\u00f1ada para el escaparate. Este modelo intemporal viste todas las morfolog\u00edas.<\/p>\n<p>&nbsp;<\/p>\n<p>COMPOSICI\u00d3N:<\/p>\n<p>Todos los materiales son importados de Italia.<\/p>\n<p>80% poliamida<br \/>\n20% de elastano<\/p>\n","protected":false},"featured_media":4425,"template":"","meta":[],"product_brand":[],"product_cat":[138],"product_tag":[132],"class_list":{"0":"post-4852","1":"product","2":"type-product","3":"status-publish","4":"has-post-thumbnail","6":"product_cat-nueva-era","7":"product_tag-dos-piezas","9":"first","10":"instock","11":"shipping-taxable","12":"purchasable","13":"product-type-simple"},"_links":{"self":[{"href":"https:\/\/www.tharita.fr\/es\/wp-json\/wp\/v2\/product\/4852","targetHints":{"allow":["GET"]}}],"collection":[{"href":"https:\/\/www.tharita.fr\/es\/wp-json\/wp\/v2\/product"}],"about":[{"href":"https:\/\/www.tharita.fr\/es\/wp-json\/wp\/v2\/types\/product"}],"version-history":[{"count":1,"href":"https:\/\/www.tharita.fr\/es\/wp-json\/wp\/v2\/product\/4852\/revisions"}],"predecessor-version":[{"id":4853,"href":"https:\/\/www.tharita.fr\/es\/wp-json\/wp\/v2\/product\/4852\/revisions\/4853"}],"wp:featuredmedia":[{"embeddable":true,"href":"https:\/\/www.tharita.fr\/es\/wp-json\/wp\/v2\/media\/4425"}],"wp:attachment":[{"href":"https:\/\/www.tharita.fr\/es\/wp-json\/wp\/v2\/media?parent=4852"}],"wp:term":[{"taxonomy":"product_brand","embeddable":true,"href":"https:\/\/www.tharita.fr\/es\/wp-json\/wp\/v2\/product_brand?post=4852"},{"taxonomy":"product_cat","embeddable":true,"href":"https:\/\/www.tharita.fr\/es\/wp-json\/wp\/v2\/product_cat?post=4852"},{"taxonomy":"product_tag","embeddable":true,"href":"https:\/\/www.tharita.fr\/es\/wp-json\/wp\/v2\/product_tag?post=4852"}],"curies":[{"name":"wp","href":"https:\/\/api.w.org\/{rel}","templated":true}]}}