{"id":5018,"date":"2019-07-19T14:29:08","date_gmt":"2019-07-19T12:29:08","guid":{"rendered":"https:\/\/www.tharita.fr\/product\/mambo\/"},"modified":"2024-06-13T11:58:13","modified_gmt":"2024-06-13T09:58:13","slug":"mambo","status":"publish","type":"product","link":"https:\/\/www.tharita.fr\/es\/producto\/mambo\/","title":{"rendered":"Mambo"},"content":{"rendered":"","protected":false},"excerpt":{"rendered":"<p>\u00a1EDICI\u00d3N LIMITADA!<\/p>\n<p>Este sofisticado ba\u00f1ador con flecos de 20 cm alrededor del bustier tiene un material antideslizante debajo para mantenerlo en su sitio y evitar que se caiga. Inspirado en el baile latino Mambo, este traje de ba\u00f1o tambi\u00e9n puede utilizarse como corpi\u00f1o para cualquier evento.<\/p>\n<p>COMPOSICI\u00d3N:<\/p>\n<p>Todos los materiales son importados de Italia.<br \/>\n80% poliamida<br \/>\n20% de elastano<\/p>\n","protected":false},"featured_media":4561,"template":"","meta":[],"product_brand":[],"product_cat":[127,225],"product_tag":[232],"class_list":{"0":"post-5018","1":"product","2":"type-product","3":"status-publish","4":"has-post-thumbnail","6":"product_cat-bailar-en-la-calle","7":"product_cat-coleccion-les-annees-folles","8":"product_tag-one-piece-es","10":"first","11":"instock","12":"shipping-taxable","13":"purchasable","14":"product-type-variable","15":"has-default-attributes"},"_links":{"self":[{"href":"https:\/\/www.tharita.fr\/es\/wp-json\/wp\/v2\/product\/5018","targetHints":{"allow":["GET"]}}],"collection":[{"href":"https:\/\/www.tharita.fr\/es\/wp-json\/wp\/v2\/product"}],"about":[{"href":"https:\/\/www.tharita.fr\/es\/wp-json\/wp\/v2\/types\/product"}],"version-history":[{"count":1,"href":"https:\/\/www.tharita.fr\/es\/wp-json\/wp\/v2\/product\/5018\/revisions"}],"predecessor-version":[{"id":5053,"href":"https:\/\/www.tharita.fr\/es\/wp-json\/wp\/v2\/product\/5018\/revisions\/5053"}],"wp:featuredmedia":[{"embeddable":true,"href":"https:\/\/www.tharita.fr\/es\/wp-json\/wp\/v2\/media\/4561"}],"wp:attachment":[{"href":"https:\/\/www.tharita.fr\/es\/wp-json\/wp\/v2\/media?parent=5018"}],"wp:term":[{"taxonomy":"product_brand","embeddable":true,"href":"https:\/\/www.tharita.fr\/es\/wp-json\/wp\/v2\/product_brand?post=5018"},{"taxonomy":"product_cat","embeddable":true,"href":"https:\/\/www.tharita.fr\/es\/wp-json\/wp\/v2\/product_cat?post=5018"},{"taxonomy":"product_tag","embeddable":true,"href":"https:\/\/www.tharita.fr\/es\/wp-json\/wp\/v2\/product_tag?post=5018"}],"curies":[{"name":"wp","href":"https:\/\/api.w.org\/{rel}","templated":true}]}}