{"id":5155,"date":"2019-07-19T14:29:20","date_gmt":"2019-07-19T12:29:20","guid":{"rendered":"https:\/\/www.tharita.fr\/product\/bootes-noche-azul-y-blanco\/"},"modified":"2022-07-13T10:56:48","modified_gmt":"2022-07-13T08:56:48","slug":"bootes-noche-azul-y-blanco","status":"publish","type":"product","link":"https:\/\/www.tharita.fr\/es\/producto\/bootes-noche-azul-y-blanco\/","title":{"rendered":"Bootes noche azul y blanco"},"content":{"rendered":"","protected":false},"excerpt":{"rendered":"<p>&nbsp;<\/p>\n<p>\u00a1EDICI\u00d3N LIMITADA!<\/p>\n<p>Estas 2 piezas de traje de ba\u00f1o tienen un top con un bandeau de colgar ancho que va alrededor del cuello. Se puede llevar de muchas maneras. Para un busto peque\u00f1o, basta con envolverlo sobre s\u00ed mismo para tener un efecto de colgado y para un busto grande, lo cubrir\u00e1 por completo y proporcionar\u00e1 una sujeci\u00f3n perfecta del busto.<\/p>\n<p>&nbsp;<\/p>\n<p>&nbsp;<\/p>\n<p>COMPOSICI\u00d3N:<\/p>\n<p>Todos los materiales se importan especialmente de Italia.<\/p>\n<p>80% poliamida<br \/>\n20% de elastano<\/p>\n","protected":false},"featured_media":3829,"template":"","meta":[],"product_brand":[],"product_cat":[147],"product_tag":[132],"class_list":{"0":"post-5155","1":"product","2":"type-product","3":"status-publish","4":"has-post-thumbnail","6":"product_cat-promocion","7":"product_tag-dos-piezas","9":"first","10":"instock","11":"sale","12":"shipping-taxable","13":"purchasable","14":"product-type-simple"},"_links":{"self":[{"href":"https:\/\/www.tharita.fr\/es\/wp-json\/wp\/v2\/product\/5155","targetHints":{"allow":["GET"]}}],"collection":[{"href":"https:\/\/www.tharita.fr\/es\/wp-json\/wp\/v2\/product"}],"about":[{"href":"https:\/\/www.tharita.fr\/es\/wp-json\/wp\/v2\/types\/product"}],"version-history":[{"count":1,"href":"https:\/\/www.tharita.fr\/es\/wp-json\/wp\/v2\/product\/5155\/revisions"}],"predecessor-version":[{"id":5156,"href":"https:\/\/www.tharita.fr\/es\/wp-json\/wp\/v2\/product\/5155\/revisions\/5156"}],"wp:featuredmedia":[{"embeddable":true,"href":"https:\/\/www.tharita.fr\/es\/wp-json\/wp\/v2\/media\/3829"}],"wp:attachment":[{"href":"https:\/\/www.tharita.fr\/es\/wp-json\/wp\/v2\/media?parent=5155"}],"wp:term":[{"taxonomy":"product_brand","embeddable":true,"href":"https:\/\/www.tharita.fr\/es\/wp-json\/wp\/v2\/product_brand?post=5155"},{"taxonomy":"product_cat","embeddable":true,"href":"https:\/\/www.tharita.fr\/es\/wp-json\/wp\/v2\/product_cat?post=5155"},{"taxonomy":"product_tag","embeddable":true,"href":"https:\/\/www.tharita.fr\/es\/wp-json\/wp\/v2\/product_tag?post=5155"}],"curies":[{"name":"wp","href":"https:\/\/api.w.org\/{rel}","templated":true}]}}