{"id":5161,"date":"2019-07-19T14:29:31","date_gmt":"2019-07-19T12:29:31","guid":{"rendered":"https:\/\/www.tharita.fr\/product\/sygnus-negro-y-naranja\/"},"modified":"2022-07-13T10:57:35","modified_gmt":"2022-07-13T08:57:35","slug":"sygnus-negro-y-naranja","status":"publish","type":"product","link":"https:\/\/www.tharita.fr\/es\/producto\/sygnus-negro-y-naranja\/","title":{"rendered":"Sygnus negro y naranja"},"content":{"rendered":"","protected":false},"excerpt":{"rendered":"<p>&nbsp;<\/p>\n<p>EDICI\u00d3N LIMITADA<\/p>\n<p>Este traje de ba\u00f1o de una pieza imprescindible tiene una banda antideslizante que proporciona una sujeci\u00f3n perfecta del pecho. Este traje de ba\u00f1o de una pieza est\u00e1 disponible con una correa muy fina atada al cuello.<\/p>\n<p>&nbsp;<\/p>\n<p>80% poliamida<br \/>\n20% elasthanne<\/p>\n","protected":false},"featured_media":3973,"template":"","meta":[],"product_brand":[],"product_cat":[147],"product_tag":[131],"class_list":{"0":"post-5161","1":"product","2":"type-product","3":"status-publish","4":"has-post-thumbnail","6":"product_cat-promocion","7":"product_tag-una-pieza","9":"first","10":"outofstock","11":"sale","12":"shipping-taxable","13":"purchasable","14":"product-type-simple"},"_links":{"self":[{"href":"https:\/\/www.tharita.fr\/es\/wp-json\/wp\/v2\/product\/5161","targetHints":{"allow":["GET"]}}],"collection":[{"href":"https:\/\/www.tharita.fr\/es\/wp-json\/wp\/v2\/product"}],"about":[{"href":"https:\/\/www.tharita.fr\/es\/wp-json\/wp\/v2\/types\/product"}],"version-history":[{"count":1,"href":"https:\/\/www.tharita.fr\/es\/wp-json\/wp\/v2\/product\/5161\/revisions"}],"predecessor-version":[{"id":5169,"href":"https:\/\/www.tharita.fr\/es\/wp-json\/wp\/v2\/product\/5161\/revisions\/5169"}],"wp:featuredmedia":[{"embeddable":true,"href":"https:\/\/www.tharita.fr\/es\/wp-json\/wp\/v2\/media\/3973"}],"wp:attachment":[{"href":"https:\/\/www.tharita.fr\/es\/wp-json\/wp\/v2\/media?parent=5161"}],"wp:term":[{"taxonomy":"product_brand","embeddable":true,"href":"https:\/\/www.tharita.fr\/es\/wp-json\/wp\/v2\/product_brand?post=5161"},{"taxonomy":"product_cat","embeddable":true,"href":"https:\/\/www.tharita.fr\/es\/wp-json\/wp\/v2\/product_cat?post=5161"},{"taxonomy":"product_tag","embeddable":true,"href":"https:\/\/www.tharita.fr\/es\/wp-json\/wp\/v2\/product_tag?post=5161"}],"curies":[{"name":"wp","href":"https:\/\/api.w.org\/{rel}","templated":true}]}}