{"id":5178,"date":"2019-07-19T14:29:33","date_gmt":"2019-07-19T12:29:33","guid":{"rendered":"https:\/\/www.tharita.fr\/product\/aurora-azul-electrico\/"},"modified":"2022-07-13T10:57:38","modified_gmt":"2022-07-13T08:57:38","slug":"aurora-azul-electrico","status":"publish","type":"product","link":"https:\/\/www.tharita.fr\/es\/producto\/aurora-azul-electrico\/","title":{"rendered":"Aurora azul el\u00e9ctrico"},"content":{"rendered":"","protected":false},"excerpt":{"rendered":"<p>&nbsp;<\/p>\n<p>\u00a1EDICI\u00d3N LIMITADA!<\/p>\n<p>De moda para este verano, este traje de ba\u00f1o es muy singular y gustar\u00e1 a todas las mujeres. Tiene dos tiras anchas para colgar alrededor del cuello y en los laterales, tambi\u00e9n hay cinco tiras que le dar\u00e1n un aspecto muy sofisticado.<\/p>\n<p>&nbsp;<\/p>\n<p>&nbsp;<\/p>\n<p>COMPOSICI\u00d3N:<\/p>\n<p>Todos los materiales se importan especialmente de Italia.<\/p>\n<p>80% poliamida<br \/>\n20% de elastano<\/p>\n<p>&nbsp;<\/p>\n<p>&nbsp;<\/p>\n","protected":false},"featured_media":3933,"template":"","meta":[],"product_brand":[],"product_cat":[147],"product_tag":[131],"class_list":{"0":"post-5178","1":"product","2":"type-product","3":"status-publish","4":"has-post-thumbnail","6":"product_cat-promocion","7":"product_tag-una-pieza","9":"first","10":"instock","11":"sale","12":"shipping-taxable","13":"purchasable","14":"product-type-simple"},"_links":{"self":[{"href":"https:\/\/www.tharita.fr\/es\/wp-json\/wp\/v2\/product\/5178","targetHints":{"allow":["GET"]}}],"collection":[{"href":"https:\/\/www.tharita.fr\/es\/wp-json\/wp\/v2\/product"}],"about":[{"href":"https:\/\/www.tharita.fr\/es\/wp-json\/wp\/v2\/types\/product"}],"version-history":[{"count":1,"href":"https:\/\/www.tharita.fr\/es\/wp-json\/wp\/v2\/product\/5178\/revisions"}],"predecessor-version":[{"id":5186,"href":"https:\/\/www.tharita.fr\/es\/wp-json\/wp\/v2\/product\/5178\/revisions\/5186"}],"wp:featuredmedia":[{"embeddable":true,"href":"https:\/\/www.tharita.fr\/es\/wp-json\/wp\/v2\/media\/3933"}],"wp:attachment":[{"href":"https:\/\/www.tharita.fr\/es\/wp-json\/wp\/v2\/media?parent=5178"}],"wp:term":[{"taxonomy":"product_brand","embeddable":true,"href":"https:\/\/www.tharita.fr\/es\/wp-json\/wp\/v2\/product_brand?post=5178"},{"taxonomy":"product_cat","embeddable":true,"href":"https:\/\/www.tharita.fr\/es\/wp-json\/wp\/v2\/product_cat?post=5178"},{"taxonomy":"product_tag","embeddable":true,"href":"https:\/\/www.tharita.fr\/es\/wp-json\/wp\/v2\/product_tag?post=5178"}],"curies":[{"name":"wp","href":"https:\/\/api.w.org\/{rel}","templated":true}]}}