{"id":5204,"date":"2020-06-15T10:36:30","date_gmt":"2020-06-15T08:36:30","guid":{"rendered":"https:\/\/www.tharita.fr\/product\/selene-negro\/"},"modified":"2022-07-13T10:57:41","modified_gmt":"2022-07-13T08:57:41","slug":"selene-negro","status":"publish","type":"product","link":"https:\/\/www.tharita.fr\/es\/producto\/selene-negro\/","title":{"rendered":"Selene negro"},"content":{"rendered":"","protected":false},"excerpt":{"rendered":"<p>\u00a1EDICI\u00d3N LIMITADA!<\/p>\n<p>Este cl\u00e1sico traje de ba\u00f1o de 1 pieza tiene un profundo escote con un cord\u00f3n para atar en la espalda y las anchas bandas del cuello halter con hebilla dan el soporte perfecto al busto haciendo que te sientas c\u00f3moda.<\/p>\n<p>COMPOSICI\u00d3N:<\/p>\n<p>Todos los materiales se importan especialmente de Italia.<\/p>\n<p>80% Polimida<br \/>\n20% de elastano<\/p>\n","protected":false},"featured_media":4333,"template":"","meta":[],"product_brand":[],"product_cat":[138],"product_tag":[131],"class_list":{"0":"post-5204","1":"product","2":"type-product","3":"status-publish","4":"has-post-thumbnail","6":"product_cat-nueva-era","7":"product_tag-una-pieza","9":"first","10":"instock","11":"shipping-taxable","12":"purchasable","13":"product-type-simple"},"_links":{"self":[{"href":"https:\/\/www.tharita.fr\/es\/wp-json\/wp\/v2\/product\/5204","targetHints":{"allow":["GET"]}}],"collection":[{"href":"https:\/\/www.tharita.fr\/es\/wp-json\/wp\/v2\/product"}],"about":[{"href":"https:\/\/www.tharita.fr\/es\/wp-json\/wp\/v2\/types\/product"}],"version-history":[{"count":1,"href":"https:\/\/www.tharita.fr\/es\/wp-json\/wp\/v2\/product\/5204\/revisions"}],"predecessor-version":[{"id":5210,"href":"https:\/\/www.tharita.fr\/es\/wp-json\/wp\/v2\/product\/5204\/revisions\/5210"}],"wp:featuredmedia":[{"embeddable":true,"href":"https:\/\/www.tharita.fr\/es\/wp-json\/wp\/v2\/media\/4333"}],"wp:attachment":[{"href":"https:\/\/www.tharita.fr\/es\/wp-json\/wp\/v2\/media?parent=5204"}],"wp:term":[{"taxonomy":"product_brand","embeddable":true,"href":"https:\/\/www.tharita.fr\/es\/wp-json\/wp\/v2\/product_brand?post=5204"},{"taxonomy":"product_cat","embeddable":true,"href":"https:\/\/www.tharita.fr\/es\/wp-json\/wp\/v2\/product_cat?post=5204"},{"taxonomy":"product_tag","embeddable":true,"href":"https:\/\/www.tharita.fr\/es\/wp-json\/wp\/v2\/product_tag?post=5204"}],"curies":[{"name":"wp","href":"https:\/\/api.w.org\/{rel}","templated":true}]}}