{"id":5220,"date":"2019-07-19T14:29:32","date_gmt":"2019-07-19T12:29:32","guid":{"rendered":"https:\/\/www.tharita.fr\/product\/afrodita-naranja\/"},"modified":"2022-07-13T10:57:43","modified_gmt":"2022-07-13T08:57:43","slug":"afrodita-naranja","status":"publish","type":"product","link":"https:\/\/www.tharita.fr\/es\/producto\/afrodita-naranja\/","title":{"rendered":"Afrodita naranja"},"content":{"rendered":"","protected":false},"excerpt":{"rendered":"<p>&nbsp;<\/p>\n<p>&nbsp;<\/p>\n<p>Este bicolor es un sofisticado traje de ba\u00f1o inspirado en los a\u00f1os 70. Tiene tirantes desmontables que se pueden enrollar alrededor del cuello y tambi\u00e9n se puede llevar sin tirantes con un lazo en el busto que realza el look haci\u00e9ndote lucir impresionante este verano con \u00e9l.<\/p>\n<p>&nbsp;<\/p>\n<p>&nbsp;<\/p>\n<p>COMPOSICI\u00d3N:<\/p>\n<p>Todos los materiales se importan especialmente de Italia.<\/p>\n<p>80% poliamida<\/p>\n<p>20% de elastano<\/p>\n<p>&nbsp;<\/p>\n","protected":false},"featured_media":3991,"template":"","meta":[],"product_brand":[],"product_cat":[147],"product_tag":[131],"class_list":{"0":"post-5220","1":"product","2":"type-product","3":"status-publish","4":"has-post-thumbnail","6":"product_cat-promocion","7":"product_tag-una-pieza","9":"first","10":"outofstock","11":"sale","12":"shipping-taxable","13":"purchasable","14":"product-type-simple"},"_links":{"self":[{"href":"https:\/\/www.tharita.fr\/es\/wp-json\/wp\/v2\/product\/5220","targetHints":{"allow":["GET"]}}],"collection":[{"href":"https:\/\/www.tharita.fr\/es\/wp-json\/wp\/v2\/product"}],"about":[{"href":"https:\/\/www.tharita.fr\/es\/wp-json\/wp\/v2\/types\/product"}],"version-history":[{"count":1,"href":"https:\/\/www.tharita.fr\/es\/wp-json\/wp\/v2\/product\/5220\/revisions"}],"predecessor-version":[{"id":5226,"href":"https:\/\/www.tharita.fr\/es\/wp-json\/wp\/v2\/product\/5220\/revisions\/5226"}],"wp:featuredmedia":[{"embeddable":true,"href":"https:\/\/www.tharita.fr\/es\/wp-json\/wp\/v2\/media\/3991"}],"wp:attachment":[{"href":"https:\/\/www.tharita.fr\/es\/wp-json\/wp\/v2\/media?parent=5220"}],"wp:term":[{"taxonomy":"product_brand","embeddable":true,"href":"https:\/\/www.tharita.fr\/es\/wp-json\/wp\/v2\/product_brand?post=5220"},{"taxonomy":"product_cat","embeddable":true,"href":"https:\/\/www.tharita.fr\/es\/wp-json\/wp\/v2\/product_cat?post=5220"},{"taxonomy":"product_tag","embeddable":true,"href":"https:\/\/www.tharita.fr\/es\/wp-json\/wp\/v2\/product_tag?post=5220"}],"curies":[{"name":"wp","href":"https:\/\/api.w.org\/{rel}","templated":true}]}}