{"id":5309,"date":"2022-05-30T17:05:57","date_gmt":"2022-05-30T15:05:57","guid":{"rendered":"https:\/\/www.tharita.fr\/product\/alegria-oro\/"},"modified":"2024-06-13T11:43:43","modified_gmt":"2024-06-13T09:43:43","slug":"alegria-oro","status":"publish","type":"product","link":"https:\/\/www.tharita.fr\/es\/producto\/alegria-oro\/","title":{"rendered":"Una pieza con un hombro &#8211; Alegria"},"content":{"rendered":"","protected":false},"excerpt":{"rendered":"<p>Este sofisticado traje de ba\u00f1o de una sola pieza con un tirante drapeado en el pecho y un deshuesado en el lateral proporciona sujeci\u00f3n y es c\u00f3modo<\/p>\n<p>&nbsp;<\/p>\n<p>&nbsp;<\/p>\n","protected":false},"featured_media":4579,"template":"","meta":[],"product_brand":[],"product_cat":[258],"product_tag":[232],"class_list":{"0":"post-5309","1":"product","2":"type-product","3":"status-publish","4":"has-post-thumbnail","6":"product_cat-coleccion-capsula","7":"product_tag-one-piece-es","9":"first","10":"instock","11":"shipping-taxable","12":"purchasable","13":"product-type-variable","14":"has-default-attributes"},"_links":{"self":[{"href":"https:\/\/www.tharita.fr\/es\/wp-json\/wp\/v2\/product\/5309","targetHints":{"allow":["GET"]}}],"collection":[{"href":"https:\/\/www.tharita.fr\/es\/wp-json\/wp\/v2\/product"}],"about":[{"href":"https:\/\/www.tharita.fr\/es\/wp-json\/wp\/v2\/types\/product"}],"version-history":[{"count":2,"href":"https:\/\/www.tharita.fr\/es\/wp-json\/wp\/v2\/product\/5309\/revisions"}],"predecessor-version":[{"id":6294,"href":"https:\/\/www.tharita.fr\/es\/wp-json\/wp\/v2\/product\/5309\/revisions\/6294"}],"wp:featuredmedia":[{"embeddable":true,"href":"https:\/\/www.tharita.fr\/es\/wp-json\/wp\/v2\/media\/4579"}],"wp:attachment":[{"href":"https:\/\/www.tharita.fr\/es\/wp-json\/wp\/v2\/media?parent=5309"}],"wp:term":[{"taxonomy":"product_brand","embeddable":true,"href":"https:\/\/www.tharita.fr\/es\/wp-json\/wp\/v2\/product_brand?post=5309"},{"taxonomy":"product_cat","embeddable":true,"href":"https:\/\/www.tharita.fr\/es\/wp-json\/wp\/v2\/product_cat?post=5309"},{"taxonomy":"product_tag","embeddable":true,"href":"https:\/\/www.tharita.fr\/es\/wp-json\/wp\/v2\/product_tag?post=5309"}],"curies":[{"name":"wp","href":"https:\/\/api.w.org\/{rel}","templated":true}]}}