{"id":5326,"date":"2019-07-19T14:29:01","date_gmt":"2019-07-19T12:29:01","guid":{"rendered":"https:\/\/www.tharita.fr\/product\/keres\/"},"modified":"2022-07-13T11:17:19","modified_gmt":"2022-07-13T09:17:19","slug":"keres-tss28","status":"publish","type":"product","link":"https:\/\/www.tharita.fr\/es\/producto\/keres-tss28\/","title":{"rendered":"Keres"},"content":{"rendered":"","protected":false},"excerpt":{"rendered":"<p>\u00a1\u00a1EDICI\u00d3N LIMITADA!!<\/p>\n<p>Este traje de ba\u00f1o de 2 piezas con tirantes tiene una parte superior de bikini en forma de tri\u00e1ngulo con la parte inferior de efecto drapeado que se puede personalizar en peque\u00f1as braguitas d\u00e1ndote un aspecto sexy.<\/p>\n<p>&nbsp;<\/p>\n<p>&nbsp;<\/p>\n<p>COMPOSICI\u00d3N:<\/p>\n<p>&nbsp;<\/p>\n<p>Todos los materiales se importan especialmente de Italia.<\/p>\n<p>80% poliamida<\/p>\n<p>20% de elastano<\/p>\n","protected":false},"featured_media":4415,"template":"","meta":[],"product_brand":[],"product_cat":[138],"product_tag":[132],"class_list":{"0":"post-5326","1":"product","2":"type-product","3":"status-publish","4":"has-post-thumbnail","6":"product_cat-nueva-era","7":"product_tag-dos-piezas","9":"first","10":"instock","11":"shipping-taxable","12":"purchasable","13":"product-type-simple"},"_links":{"self":[{"href":"https:\/\/www.tharita.fr\/es\/wp-json\/wp\/v2\/product\/5326","targetHints":{"allow":["GET"]}}],"collection":[{"href":"https:\/\/www.tharita.fr\/es\/wp-json\/wp\/v2\/product"}],"about":[{"href":"https:\/\/www.tharita.fr\/es\/wp-json\/wp\/v2\/types\/product"}],"version-history":[{"count":1,"href":"https:\/\/www.tharita.fr\/es\/wp-json\/wp\/v2\/product\/5326\/revisions"}],"predecessor-version":[{"id":5337,"href":"https:\/\/www.tharita.fr\/es\/wp-json\/wp\/v2\/product\/5326\/revisions\/5337"}],"wp:featuredmedia":[{"embeddable":true,"href":"https:\/\/www.tharita.fr\/es\/wp-json\/wp\/v2\/media\/4415"}],"wp:attachment":[{"href":"https:\/\/www.tharita.fr\/es\/wp-json\/wp\/v2\/media?parent=5326"}],"wp:term":[{"taxonomy":"product_brand","embeddable":true,"href":"https:\/\/www.tharita.fr\/es\/wp-json\/wp\/v2\/product_brand?post=5326"},{"taxonomy":"product_cat","embeddable":true,"href":"https:\/\/www.tharita.fr\/es\/wp-json\/wp\/v2\/product_cat?post=5326"},{"taxonomy":"product_tag","embeddable":true,"href":"https:\/\/www.tharita.fr\/es\/wp-json\/wp\/v2\/product_tag?post=5326"}],"curies":[{"name":"wp","href":"https:\/\/api.w.org\/{rel}","templated":true}]}}