{"id":5357,"date":"2022-05-30T16:39:33","date_gmt":"2022-05-30T14:39:33","guid":{"rendered":"https:\/\/www.tharita.fr\/product\/alegria-azul-marino\/"},"modified":"2024-06-13T11:43:38","modified_gmt":"2024-06-13T09:43:38","slug":"alegria-azul-marino","status":"publish","type":"product","link":"https:\/\/www.tharita.fr\/es\/producto\/alegria-azul-marino\/","title":{"rendered":"Una pieza con un hombro &#8211; Alegria"},"content":{"rendered":"","protected":false},"excerpt":{"rendered":"<p>Este sofisticado traje de ba\u00f1o de una sola pieza con un tirante drapeado en el pecho y un deshuesado en el lateral proporciona sujeci\u00f3n y es c\u00f3modo<\/p>\n<p>&nbsp;<\/p>\n","protected":false},"featured_media":4571,"template":"","meta":[],"product_brand":[],"product_cat":[225,258],"product_tag":[232],"class_list":{"0":"post-5357","1":"product","2":"type-product","3":"status-publish","4":"has-post-thumbnail","6":"product_cat-coleccion-les-annees-folles","7":"product_cat-coleccion-capsula","8":"product_tag-one-piece-es","10":"first","11":"instock","12":"shipping-taxable","13":"purchasable","14":"product-type-variable","15":"has-default-attributes"},"_links":{"self":[{"href":"https:\/\/www.tharita.fr\/es\/wp-json\/wp\/v2\/product\/5357","targetHints":{"allow":["GET"]}}],"collection":[{"href":"https:\/\/www.tharita.fr\/es\/wp-json\/wp\/v2\/product"}],"about":[{"href":"https:\/\/www.tharita.fr\/es\/wp-json\/wp\/v2\/types\/product"}],"version-history":[{"count":2,"href":"https:\/\/www.tharita.fr\/es\/wp-json\/wp\/v2\/product\/5357\/revisions"}],"predecessor-version":[{"id":6280,"href":"https:\/\/www.tharita.fr\/es\/wp-json\/wp\/v2\/product\/5357\/revisions\/6280"}],"wp:featuredmedia":[{"embeddable":true,"href":"https:\/\/www.tharita.fr\/es\/wp-json\/wp\/v2\/media\/4571"}],"wp:attachment":[{"href":"https:\/\/www.tharita.fr\/es\/wp-json\/wp\/v2\/media?parent=5357"}],"wp:term":[{"taxonomy":"product_brand","embeddable":true,"href":"https:\/\/www.tharita.fr\/es\/wp-json\/wp\/v2\/product_brand?post=5357"},{"taxonomy":"product_cat","embeddable":true,"href":"https:\/\/www.tharita.fr\/es\/wp-json\/wp\/v2\/product_cat?post=5357"},{"taxonomy":"product_tag","embeddable":true,"href":"https:\/\/www.tharita.fr\/es\/wp-json\/wp\/v2\/product_tag?post=5357"}],"curies":[{"name":"wp","href":"https:\/\/api.w.org\/{rel}","templated":true}]}}