{"id":5372,"date":"2020-06-15T16:48:03","date_gmt":"2020-06-15T14:48:03","guid":{"rendered":"https:\/\/www.tharita.fr\/product\/bootes-blanco-y-negro\/"},"modified":"2022-07-13T11:15:59","modified_gmt":"2022-07-13T09:15:59","slug":"bootes-blanco-y-negro","status":"publish","type":"product","link":"https:\/\/www.tharita.fr\/es\/producto\/bootes-blanco-y-negro\/","title":{"rendered":"Bootes blanco y negro"},"content":{"rendered":"","protected":false},"excerpt":{"rendered":"<p>&nbsp;<\/p>\n<p>\u00a1\u00a1EDICI\u00d3N LIMITADA!!<\/p>\n<p>Este innovador traje de ba\u00f1o de 2 piezas tiene un top con un bandeau de amplia ca\u00edda que rodea el cuello. Se puede personalizar de muchas maneras. El top bandeau se adapta a un busto peque\u00f1o y se puede envolver sobre s\u00ed mismo y da un aspecto elegante, para un busto grande cubre completamente y proporciona el soporte perfecto del busto necesario. El fondo viene con los cordones de sujeci\u00f3n en ambos lados.<\/p>\n<p>&nbsp;<\/p>\n<p>&nbsp;<\/p>\n<p>COMPOSICI\u00d3N:<\/p>\n<p>Todos los materiales se importan especialmente de Italia.<\/p>\n<p>&nbsp;<\/p>\n<p>80% poliamida<\/p>\n<p>20% elasthanne<\/p>\n","protected":false},"featured_media":4371,"template":"","meta":[],"product_brand":[],"product_cat":[138],"product_tag":[132],"class_list":{"0":"post-5372","1":"product","2":"type-product","3":"status-publish","4":"has-post-thumbnail","6":"product_cat-nueva-era","7":"product_tag-dos-piezas","9":"first","10":"instock","11":"shipping-taxable","12":"purchasable","13":"product-type-simple"},"_links":{"self":[{"href":"https:\/\/www.tharita.fr\/es\/wp-json\/wp\/v2\/product\/5372","targetHints":{"allow":["GET"]}}],"collection":[{"href":"https:\/\/www.tharita.fr\/es\/wp-json\/wp\/v2\/product"}],"about":[{"href":"https:\/\/www.tharita.fr\/es\/wp-json\/wp\/v2\/types\/product"}],"version-history":[{"count":1,"href":"https:\/\/www.tharita.fr\/es\/wp-json\/wp\/v2\/product\/5372\/revisions"}],"predecessor-version":[{"id":5389,"href":"https:\/\/www.tharita.fr\/es\/wp-json\/wp\/v2\/product\/5372\/revisions\/5389"}],"wp:featuredmedia":[{"embeddable":true,"href":"https:\/\/www.tharita.fr\/es\/wp-json\/wp\/v2\/media\/4371"}],"wp:attachment":[{"href":"https:\/\/www.tharita.fr\/es\/wp-json\/wp\/v2\/media?parent=5372"}],"wp:term":[{"taxonomy":"product_brand","embeddable":true,"href":"https:\/\/www.tharita.fr\/es\/wp-json\/wp\/v2\/product_brand?post=5372"},{"taxonomy":"product_cat","embeddable":true,"href":"https:\/\/www.tharita.fr\/es\/wp-json\/wp\/v2\/product_cat?post=5372"},{"taxonomy":"product_tag","embeddable":true,"href":"https:\/\/www.tharita.fr\/es\/wp-json\/wp\/v2\/product_tag?post=5372"}],"curies":[{"name":"wp","href":"https:\/\/api.w.org\/{rel}","templated":true}]}}