{"id":5412,"date":"2022-05-30T16:55:28","date_gmt":"2022-05-30T14:55:28","guid":{"rendered":"https:\/\/www.tharita.fr\/product\/verde-alegria\/"},"modified":"2026-05-15T16:43:33","modified_gmt":"2026-05-15T14:43:33","slug":"alegria-verde","status":"publish","type":"product","link":"https:\/\/www.tharita.fr\/es\/producto\/alegria-verde\/","title":{"rendered":"Una pieza con un hombro &#8211; Alegria"},"content":{"rendered":"","protected":false},"excerpt":{"rendered":"<p>Este sofisticado traje de ba\u00f1o de una sola pieza con un tirante drapeado en el pecho y un deshuesado en el lateral proporciona sujeci\u00f3n y es c\u00f3modo<\/p>\n","protected":false},"featured_media":4577,"template":"","meta":[],"product_brand":[],"product_cat":[258],"product_tag":[232],"class_list":{"0":"post-5412","1":"product","2":"type-product","3":"status-publish","4":"has-post-thumbnail","6":"product_cat-coleccion-capsula","7":"product_tag-one-piece-es","9":"first","10":"instock","11":"shipping-taxable","12":"purchasable","13":"product-type-variable","14":"has-default-attributes"},"_links":{"self":[{"href":"https:\/\/www.tharita.fr\/es\/wp-json\/wp\/v2\/product\/5412","targetHints":{"allow":["GET"]}}],"collection":[{"href":"https:\/\/www.tharita.fr\/es\/wp-json\/wp\/v2\/product"}],"about":[{"href":"https:\/\/www.tharita.fr\/es\/wp-json\/wp\/v2\/types\/product"}],"version-history":[{"count":2,"href":"https:\/\/www.tharita.fr\/es\/wp-json\/wp\/v2\/product\/5412\/revisions"}],"predecessor-version":[{"id":6289,"href":"https:\/\/www.tharita.fr\/es\/wp-json\/wp\/v2\/product\/5412\/revisions\/6289"}],"wp:featuredmedia":[{"embeddable":true,"href":"https:\/\/www.tharita.fr\/es\/wp-json\/wp\/v2\/media\/4577"}],"wp:attachment":[{"href":"https:\/\/www.tharita.fr\/es\/wp-json\/wp\/v2\/media?parent=5412"}],"wp:term":[{"taxonomy":"product_brand","embeddable":true,"href":"https:\/\/www.tharita.fr\/es\/wp-json\/wp\/v2\/product_brand?post=5412"},{"taxonomy":"product_cat","embeddable":true,"href":"https:\/\/www.tharita.fr\/es\/wp-json\/wp\/v2\/product_cat?post=5412"},{"taxonomy":"product_tag","embeddable":true,"href":"https:\/\/www.tharita.fr\/es\/wp-json\/wp\/v2\/product_tag?post=5412"}],"curies":[{"name":"wp","href":"https:\/\/api.w.org\/{rel}","templated":true}]}}