{"id":5455,"date":"2022-06-03T11:45:31","date_gmt":"2022-06-03T09:45:31","guid":{"rendered":"https:\/\/www.tharita.fr\/product\/alma-de-oro\/"},"modified":"2024-06-13T11:43:28","modified_gmt":"2024-06-13T09:43:28","slug":"alvia-oro","status":"publish","type":"product","link":"https:\/\/www.tharita.fr\/es\/producto\/alvia-oro\/","title":{"rendered":"Tri\u00e1ngulo de una pieza &#8211; Alma"},"content":{"rendered":"","protected":false},"excerpt":{"rendered":"<p>Traje de ba\u00f1o de una pieza de l\u00edneas puras, tirantes finos enrollados en la espalda. Destaca todas las morfolog\u00edas<\/p>\n","protected":false},"featured_media":4697,"template":"","meta":[],"product_brand":[],"product_cat":[258],"product_tag":[232],"class_list":{"0":"post-5455","1":"product","2":"type-product","3":"status-publish","4":"has-post-thumbnail","6":"product_cat-coleccion-capsula","7":"product_tag-one-piece-es","9":"first","10":"instock","11":"shipping-taxable","12":"purchasable","13":"product-type-variable","14":"has-default-attributes"},"_links":{"self":[{"href":"https:\/\/www.tharita.fr\/es\/wp-json\/wp\/v2\/product\/5455","targetHints":{"allow":["GET"]}}],"collection":[{"href":"https:\/\/www.tharita.fr\/es\/wp-json\/wp\/v2\/product"}],"about":[{"href":"https:\/\/www.tharita.fr\/es\/wp-json\/wp\/v2\/types\/product"}],"version-history":[{"count":2,"href":"https:\/\/www.tharita.fr\/es\/wp-json\/wp\/v2\/product\/5455\/revisions"}],"predecessor-version":[{"id":6206,"href":"https:\/\/www.tharita.fr\/es\/wp-json\/wp\/v2\/product\/5455\/revisions\/6206"}],"wp:featuredmedia":[{"embeddable":true,"href":"https:\/\/www.tharita.fr\/es\/wp-json\/wp\/v2\/media\/4697"}],"wp:attachment":[{"href":"https:\/\/www.tharita.fr\/es\/wp-json\/wp\/v2\/media?parent=5455"}],"wp:term":[{"taxonomy":"product_brand","embeddable":true,"href":"https:\/\/www.tharita.fr\/es\/wp-json\/wp\/v2\/product_brand?post=5455"},{"taxonomy":"product_cat","embeddable":true,"href":"https:\/\/www.tharita.fr\/es\/wp-json\/wp\/v2\/product_cat?post=5455"},{"taxonomy":"product_tag","embeddable":true,"href":"https:\/\/www.tharita.fr\/es\/wp-json\/wp\/v2\/product_tag?post=5455"}],"curies":[{"name":"wp","href":"https:\/\/api.w.org\/{rel}","templated":true}]}}