{"id":5531,"date":"2022-06-03T11:54:40","date_gmt":"2022-06-03T09:54:40","guid":{"rendered":"https:\/\/www.tharita.fr\/product\/alma-verde\/"},"modified":"2026-05-15T16:43:32","modified_gmt":"2026-05-15T14:43:32","slug":"alma-verde","status":"publish","type":"product","link":"https:\/\/www.tharita.fr\/es\/producto\/alma-verde\/","title":{"rendered":"Tri\u00e1ngulo de una pieza &#8211; Alma"},"content":{"rendered":"","protected":false},"excerpt":{"rendered":"<p>Traje de ba\u00f1o de una pieza de l\u00edneas puras, tirantes finos enrollados en la espalda. Destaca todas las morfolog\u00edas<\/p>\n","protected":false},"featured_media":4701,"template":"","meta":[],"product_brand":[],"product_cat":[258],"product_tag":[],"class_list":{"0":"post-5531","1":"product","2":"type-product","3":"status-publish","4":"has-post-thumbnail","6":"product_cat-coleccion-capsula","8":"first","9":"instock","10":"shipping-taxable","11":"purchasable","12":"product-type-variable","13":"has-default-attributes"},"_links":{"self":[{"href":"https:\/\/www.tharita.fr\/es\/wp-json\/wp\/v2\/product\/5531","targetHints":{"allow":["GET"]}}],"collection":[{"href":"https:\/\/www.tharita.fr\/es\/wp-json\/wp\/v2\/product"}],"about":[{"href":"https:\/\/www.tharita.fr\/es\/wp-json\/wp\/v2\/types\/product"}],"version-history":[{"count":2,"href":"https:\/\/www.tharita.fr\/es\/wp-json\/wp\/v2\/product\/5531\/revisions"}],"predecessor-version":[{"id":6203,"href":"https:\/\/www.tharita.fr\/es\/wp-json\/wp\/v2\/product\/5531\/revisions\/6203"}],"wp:featuredmedia":[{"embeddable":true,"href":"https:\/\/www.tharita.fr\/es\/wp-json\/wp\/v2\/media\/4701"}],"wp:attachment":[{"href":"https:\/\/www.tharita.fr\/es\/wp-json\/wp\/v2\/media?parent=5531"}],"wp:term":[{"taxonomy":"product_brand","embeddable":true,"href":"https:\/\/www.tharita.fr\/es\/wp-json\/wp\/v2\/product_brand?post=5531"},{"taxonomy":"product_cat","embeddable":true,"href":"https:\/\/www.tharita.fr\/es\/wp-json\/wp\/v2\/product_cat?post=5531"},{"taxonomy":"product_tag","embeddable":true,"href":"https:\/\/www.tharita.fr\/es\/wp-json\/wp\/v2\/product_tag?post=5531"}],"curies":[{"name":"wp","href":"https:\/\/api.w.org\/{rel}","templated":true}]}}