{"id":5600,"date":"2022-06-02T17:29:48","date_gmt":"2022-06-02T15:29:48","guid":{"rendered":"https:\/\/www.tharita.fr\/product\/amor-verde-rosa\/"},"modified":"2026-05-15T16:43:31","modified_gmt":"2026-05-15T14:43:31","slug":"amor-verde-rosa","status":"publish","type":"product","link":"https:\/\/www.tharita.fr\/es\/producto\/amor-verde-rosa\/","title":{"rendered":"Una pieza sofisticada &#8211; Amor"},"content":{"rendered":"","protected":false},"excerpt":{"rendered":"<p>Este sofisticado traje de ba\u00f1o est\u00e1 inspirado en los a\u00f1os 70. Tiene tirantes desmontables que se pueden enrollar alrededor del cuello y tambi\u00e9n se puede llevar sin tirantes con un lazo en el busto que realza el look haci\u00e9ndote lucir impresionante este verano con \u00e9l.<\/p>\n","protected":false},"featured_media":4625,"template":"","meta":[],"product_brand":[],"product_cat":[258],"product_tag":[232],"class_list":{"0":"post-5600","1":"product","2":"type-product","3":"status-publish","4":"has-post-thumbnail","6":"product_cat-coleccion-capsula","7":"product_tag-one-piece-es","9":"first","10":"instock","11":"shipping-taxable","12":"purchasable","13":"product-type-variable","14":"has-default-attributes"},"_links":{"self":[{"href":"https:\/\/www.tharita.fr\/es\/wp-json\/wp\/v2\/product\/5600","targetHints":{"allow":["GET"]}}],"collection":[{"href":"https:\/\/www.tharita.fr\/es\/wp-json\/wp\/v2\/product"}],"about":[{"href":"https:\/\/www.tharita.fr\/es\/wp-json\/wp\/v2\/types\/product"}],"version-history":[{"count":2,"href":"https:\/\/www.tharita.fr\/es\/wp-json\/wp\/v2\/product\/5600\/revisions"}],"predecessor-version":[{"id":6259,"href":"https:\/\/www.tharita.fr\/es\/wp-json\/wp\/v2\/product\/5600\/revisions\/6259"}],"wp:featuredmedia":[{"embeddable":true,"href":"https:\/\/www.tharita.fr\/es\/wp-json\/wp\/v2\/media\/4625"}],"wp:attachment":[{"href":"https:\/\/www.tharita.fr\/es\/wp-json\/wp\/v2\/media?parent=5600"}],"wp:term":[{"taxonomy":"product_brand","embeddable":true,"href":"https:\/\/www.tharita.fr\/es\/wp-json\/wp\/v2\/product_brand?post=5600"},{"taxonomy":"product_cat","embeddable":true,"href":"https:\/\/www.tharita.fr\/es\/wp-json\/wp\/v2\/product_cat?post=5600"},{"taxonomy":"product_tag","embeddable":true,"href":"https:\/\/www.tharita.fr\/es\/wp-json\/wp\/v2\/product_tag?post=5600"}],"curies":[{"name":"wp","href":"https:\/\/api.w.org\/{rel}","templated":true}]}}