{"id":5876,"date":"2022-06-17T15:17:15","date_gmt":"2022-06-17T13:17:15","guid":{"rendered":"https:\/\/www.tharita.fr\/product\/banda-azul-marino-oro\/"},"modified":"2026-05-14T22:42:12","modified_gmt":"2026-05-14T20:42:12","slug":"banda-azul-oro","status":"publish","type":"product","link":"https:\/\/www.tharita.fr\/es\/producto\/banda-azul-oro\/","title":{"rendered":"Dos piezas bandeau\/baja de cintura alta Banda"},"content":{"rendered":"","protected":false},"excerpt":{"rendered":"<p>Este innovador traje de ba\u00f1o de 2 piezas tiene un top con un bandeau de amplia ca\u00edda que rodea el cuello. Se puede personalizar de muchas maneras. El top bandeau se adapta a un busto peque\u00f1o y se puede envolver sobre s\u00ed mismo y da un aspecto elegante, para un busto grande cubre completamente y proporciona el soporte perfecto del busto necesario. El fondo viene con los cordones de sujeci\u00f3n en ambos lados.<\/p>\n","protected":false},"featured_media":4765,"template":"","meta":[],"product_brand":[],"product_cat":[225,258],"product_tag":[],"class_list":{"0":"post-5876","1":"product","2":"type-product","3":"status-publish","4":"has-post-thumbnail","6":"product_cat-coleccion-les-annees-folles","7":"product_cat-coleccion-capsula","9":"first","10":"instock","11":"shipping-taxable","12":"purchasable","13":"product-type-variable","14":"has-default-attributes"},"_links":{"self":[{"href":"https:\/\/www.tharita.fr\/es\/wp-json\/wp\/v2\/product\/5876","targetHints":{"allow":["GET"]}}],"collection":[{"href":"https:\/\/www.tharita.fr\/es\/wp-json\/wp\/v2\/product"}],"about":[{"href":"https:\/\/www.tharita.fr\/es\/wp-json\/wp\/v2\/types\/product"}],"version-history":[{"count":3,"href":"https:\/\/www.tharita.fr\/es\/wp-json\/wp\/v2\/product\/5876\/revisions"}],"predecessor-version":[{"id":6080,"href":"https:\/\/www.tharita.fr\/es\/wp-json\/wp\/v2\/product\/5876\/revisions\/6080"}],"wp:featuredmedia":[{"embeddable":true,"href":"https:\/\/www.tharita.fr\/es\/wp-json\/wp\/v2\/media\/4765"}],"wp:attachment":[{"href":"https:\/\/www.tharita.fr\/es\/wp-json\/wp\/v2\/media?parent=5876"}],"wp:term":[{"taxonomy":"product_brand","embeddable":true,"href":"https:\/\/www.tharita.fr\/es\/wp-json\/wp\/v2\/product_brand?post=5876"},{"taxonomy":"product_cat","embeddable":true,"href":"https:\/\/www.tharita.fr\/es\/wp-json\/wp\/v2\/product_cat?post=5876"},{"taxonomy":"product_tag","embeddable":true,"href":"https:\/\/www.tharita.fr\/es\/wp-json\/wp\/v2\/product_tag?post=5876"}],"curies":[{"name":"wp","href":"https:\/\/api.w.org\/{rel}","templated":true}]}}