{"id":4824,"date":"2019-07-19T14:29:09","date_gmt":"2019-07-19T12:29:09","guid":{"rendered":"https:\/\/www.tharita.fr\/product\/tango-argente\/"},"modified":"2024-06-13T12:00:12","modified_gmt":"2024-06-13T10:00:12","slug":"tango-argente","status":"publish","type":"product","link":"https:\/\/www.tharita.fr\/fr\/produit\/tango-argente\/","title":{"rendered":"Tango argent\u00e9"},"content":{"rendered":"","protected":false},"excerpt":{"rendered":"<p>\u00c9DITION LIMIT\u00c9E !<\/p>\n<p>Ce maillot de bain sophistiqu\u00e9 est dot\u00e9 de petites franges qui descendent de chaque c\u00f4t\u00e9, ce qui lui donne un look simple mais \u00e9l\u00e9gant inspir\u00e9 de la forme de danse Tango. Il est dot\u00e9 d&rsquo;un mat\u00e9riau antid\u00e9rapant sous la zone du buste pour le maintenir en place et l&#8217;emp\u00eacher de tomber.<\/p>\n<p>&nbsp;<\/p>\n<p>COMPOSITION :<\/p>\n<p>Tous les mat\u00e9riaux sont sp\u00e9cialement import\u00e9s d&rsquo;Italie.<\/p>\n<p>80% polyamide<br \/>\n20 % d&rsquo;\u00e9lasthanne<\/p>\n<p>&nbsp;<\/p>\n","protected":false},"featured_media":3698,"template":"","meta":[],"product_brand":[],"product_cat":[224],"product_tag":[203],"class_list":{"0":"post-4824","1":"product","2":"type-product","3":"status-publish","4":"has-post-thumbnail","6":"product_cat-collection-les-annees-folles-fr","7":"product_tag-une-piece-3","9":"first","10":"instock","11":"shipping-taxable","12":"purchasable","13":"product-type-variable","14":"has-default-attributes"},"_links":{"self":[{"href":"https:\/\/www.tharita.fr\/fr\/wp-json\/wp\/v2\/product\/4824","targetHints":{"allow":["GET"]}}],"collection":[{"href":"https:\/\/www.tharita.fr\/fr\/wp-json\/wp\/v2\/product"}],"about":[{"href":"https:\/\/www.tharita.fr\/fr\/wp-json\/wp\/v2\/types\/product"}],"version-history":[{"count":1,"href":"https:\/\/www.tharita.fr\/fr\/wp-json\/wp\/v2\/product\/4824\/revisions"}],"predecessor-version":[{"id":4851,"href":"https:\/\/www.tharita.fr\/fr\/wp-json\/wp\/v2\/product\/4824\/revisions\/4851"}],"wp:featuredmedia":[{"embeddable":true,"href":"https:\/\/www.tharita.fr\/fr\/wp-json\/wp\/v2\/media\/3698"}],"wp:attachment":[{"href":"https:\/\/www.tharita.fr\/fr\/wp-json\/wp\/v2\/media?parent=4824"}],"wp:term":[{"taxonomy":"product_brand","embeddable":true,"href":"https:\/\/www.tharita.fr\/fr\/wp-json\/wp\/v2\/product_brand?post=4824"},{"taxonomy":"product_cat","embeddable":true,"href":"https:\/\/www.tharita.fr\/fr\/wp-json\/wp\/v2\/product_cat?post=4824"},{"taxonomy":"product_tag","embeddable":true,"href":"https:\/\/www.tharita.fr\/fr\/wp-json\/wp\/v2\/product_tag?post=4824"}],"curies":[{"name":"wp","href":"https:\/\/api.w.org\/{rel}","templated":true}]}}