{"id":4825,"date":"2019-07-19T14:29:01","date_gmt":"2019-07-19T12:29:01","guid":{"rendered":"https:\/\/www.tharita.fr\/product\/keres\/"},"modified":"2022-07-13T10:45:27","modified_gmt":"2022-07-13T08:45:27","slug":"keres","status":"publish","type":"product","link":"https:\/\/www.tharita.fr\/fr\/produit\/keres\/","title":{"rendered":"Keres"},"content":{"rendered":"","protected":false},"excerpt":{"rendered":"<p>\u00c9DITION LIMIT\u00c9E !<\/p>\n<p>Ce maillot de bain 2 pi\u00e8ces \u00e0 cordon de serrage a un haut de bikini en forme de triangle avec le bas \u00e0 effet drap\u00e9 qui peut \u00eatre personnalis\u00e9 en petits bas vous donnant un look sexy.<\/p>\n<p>&nbsp;<\/p>\n<p>&nbsp;<\/p>\n<p>COMPOSITION :<\/p>\n<p>&nbsp;<\/p>\n<p>Tous les mat\u00e9riaux sont sp\u00e9cialement import\u00e9s d&rsquo;Italie.<\/p>\n<p>80% polyamide<\/p>\n<p>20 % d&rsquo;\u00e9lasthanne<\/p>\n","protected":false},"featured_media":4414,"template":"","meta":[],"product_brand":[],"product_cat":[125],"product_tag":[129],"class_list":{"0":"post-4825","1":"product","2":"type-product","3":"status-publish","4":"has-post-thumbnail","6":"product_cat-nouvel-age","7":"product_tag-deux-pieces","9":"first","10":"instock","11":"shipping-taxable","12":"purchasable","13":"product-type-simple"},"_links":{"self":[{"href":"https:\/\/www.tharita.fr\/fr\/wp-json\/wp\/v2\/product\/4825","targetHints":{"allow":["GET"]}}],"collection":[{"href":"https:\/\/www.tharita.fr\/fr\/wp-json\/wp\/v2\/product"}],"about":[{"href":"https:\/\/www.tharita.fr\/fr\/wp-json\/wp\/v2\/types\/product"}],"version-history":[{"count":1,"href":"https:\/\/www.tharita.fr\/fr\/wp-json\/wp\/v2\/product\/4825\/revisions"}],"predecessor-version":[{"id":4835,"href":"https:\/\/www.tharita.fr\/fr\/wp-json\/wp\/v2\/product\/4825\/revisions\/4835"}],"wp:featuredmedia":[{"embeddable":true,"href":"https:\/\/www.tharita.fr\/fr\/wp-json\/wp\/v2\/media\/4414"}],"wp:attachment":[{"href":"https:\/\/www.tharita.fr\/fr\/wp-json\/wp\/v2\/media?parent=4825"}],"wp:term":[{"taxonomy":"product_brand","embeddable":true,"href":"https:\/\/www.tharita.fr\/fr\/wp-json\/wp\/v2\/product_brand?post=4825"},{"taxonomy":"product_cat","embeddable":true,"href":"https:\/\/www.tharita.fr\/fr\/wp-json\/wp\/v2\/product_cat?post=4825"},{"taxonomy":"product_tag","embeddable":true,"href":"https:\/\/www.tharita.fr\/fr\/wp-json\/wp\/v2\/product_tag?post=4825"}],"curies":[{"name":"wp","href":"https:\/\/api.w.org\/{rel}","templated":true}]}}