{"id":4857,"date":"2019-07-19T14:29:12","date_gmt":"2019-07-19T12:29:12","guid":{"rendered":"https:\/\/www.tharita.fr\/product\/bamba-turquoise\/"},"modified":"2024-06-13T11:21:02","modified_gmt":"2024-06-13T09:21:02","slug":"bamba-turquoise","status":"publish","type":"product","link":"https:\/\/www.tharita.fr\/fr\/produit\/bamba-turquoise\/","title":{"rendered":"Bamba turquoise"},"content":{"rendered":"","protected":false},"excerpt":{"rendered":"<p>\u00c9DITION LIMIT\u00c9E !<\/p>\n<p>Ce deux-pi\u00e8ces bustier est dot\u00e9 d&rsquo;une frange r\u00e9versible de 2 cm sur le devant, tandis que le dos est uni, ce qui permet de faire facilement des n\u0153uds. Le slip est simple et sans frange.<\/p>\n<p>&nbsp;<\/p>\n<p>COMPOSITION :<\/p>\n<p>Tous les mat\u00e9riaux sont sp\u00e9cialement import\u00e9s d&rsquo;Italie.<\/p>\n<p>80% polyamide<br \/>\n20% d&rsquo;\u00e9lasthanne<\/p>\n","protected":false},"featured_media":3616,"template":"","meta":[],"product_brand":[],"product_cat":[224],"product_tag":[198],"class_list":{"0":"post-4857","1":"product","2":"type-product","3":"status-publish","4":"has-post-thumbnail","6":"product_cat-collection-les-annees-folles-fr","7":"product_tag-deux-pieces-2","9":"first","10":"instock","11":"shipping-taxable","12":"purchasable","13":"product-type-variable","14":"has-default-attributes"},"_links":{"self":[{"href":"https:\/\/www.tharita.fr\/fr\/wp-json\/wp\/v2\/product\/4857","targetHints":{"allow":["GET"]}}],"collection":[{"href":"https:\/\/www.tharita.fr\/fr\/wp-json\/wp\/v2\/product"}],"about":[{"href":"https:\/\/www.tharita.fr\/fr\/wp-json\/wp\/v2\/types\/product"}],"version-history":[{"count":1,"href":"https:\/\/www.tharita.fr\/fr\/wp-json\/wp\/v2\/product\/4857\/revisions"}],"predecessor-version":[{"id":4880,"href":"https:\/\/www.tharita.fr\/fr\/wp-json\/wp\/v2\/product\/4857\/revisions\/4880"}],"wp:featuredmedia":[{"embeddable":true,"href":"https:\/\/www.tharita.fr\/fr\/wp-json\/wp\/v2\/media\/3616"}],"wp:attachment":[{"href":"https:\/\/www.tharita.fr\/fr\/wp-json\/wp\/v2\/media?parent=4857"}],"wp:term":[{"taxonomy":"product_brand","embeddable":true,"href":"https:\/\/www.tharita.fr\/fr\/wp-json\/wp\/v2\/product_brand?post=4857"},{"taxonomy":"product_cat","embeddable":true,"href":"https:\/\/www.tharita.fr\/fr\/wp-json\/wp\/v2\/product_cat?post=4857"},{"taxonomy":"product_tag","embeddable":true,"href":"https:\/\/www.tharita.fr\/fr\/wp-json\/wp\/v2\/product_tag?post=4857"}],"curies":[{"name":"wp","href":"https:\/\/api.w.org\/{rel}","templated":true}]}}