{"id":4858,"date":"2019-07-19T14:29:03","date_gmt":"2019-07-19T12:29:03","guid":{"rendered":"https:\/\/www.tharita.fr\/product\/cephus\/"},"modified":"2022-07-13T10:45:32","modified_gmt":"2022-07-13T08:45:32","slug":"cephus","status":"publish","type":"product","link":"https:\/\/www.tharita.fr\/fr\/produit\/cephus\/","title":{"rendered":"Cephus"},"content":{"rendered":"","protected":false},"excerpt":{"rendered":"<p>&nbsp;<\/p>\n<p>\u00c9DITION LIMIT\u00c9E :<\/p>\n<p>Ce haut deux-pi\u00e8ces en \u00ab\u00a0V\u00a0\u00bb a de longues bretelles nou\u00e9es sur le col et \u00e9galement dans le dos. Ce haut est assorti \u00e0 une culotte avec une couture sur les fesses con\u00e7ue pour la vitrine. Ce mod\u00e8le intemporel habille toutes les morphologies.<\/p>\n<p>&nbsp;<\/p>\n<p>COMPOSITION :<\/p>\n<p>Tous les mat\u00e9riaux sont import\u00e9s d&rsquo;Italie.<\/p>\n<p>80% polyamide<br \/>\n20 % d&rsquo;\u00e9lasthanne<\/p>\n","protected":false},"featured_media":4424,"template":"","meta":[],"product_brand":[],"product_cat":[125],"product_tag":[129],"class_list":{"0":"post-4858","1":"product","2":"type-product","3":"status-publish","4":"has-post-thumbnail","6":"product_cat-nouvel-age","7":"product_tag-deux-pieces","9":"first","10":"instock","11":"shipping-taxable","12":"purchasable","13":"product-type-simple"},"_links":{"self":[{"href":"https:\/\/www.tharita.fr\/fr\/wp-json\/wp\/v2\/product\/4858","targetHints":{"allow":["GET"]}}],"collection":[{"href":"https:\/\/www.tharita.fr\/fr\/wp-json\/wp\/v2\/product"}],"about":[{"href":"https:\/\/www.tharita.fr\/fr\/wp-json\/wp\/v2\/types\/product"}],"version-history":[{"count":1,"href":"https:\/\/www.tharita.fr\/fr\/wp-json\/wp\/v2\/product\/4858\/revisions"}],"predecessor-version":[{"id":4866,"href":"https:\/\/www.tharita.fr\/fr\/wp-json\/wp\/v2\/product\/4858\/revisions\/4866"}],"wp:featuredmedia":[{"embeddable":true,"href":"https:\/\/www.tharita.fr\/fr\/wp-json\/wp\/v2\/media\/4424"}],"wp:attachment":[{"href":"https:\/\/www.tharita.fr\/fr\/wp-json\/wp\/v2\/media?parent=4858"}],"wp:term":[{"taxonomy":"product_brand","embeddable":true,"href":"https:\/\/www.tharita.fr\/fr\/wp-json\/wp\/v2\/product_brand?post=4858"},{"taxonomy":"product_cat","embeddable":true,"href":"https:\/\/www.tharita.fr\/fr\/wp-json\/wp\/v2\/product_cat?post=4858"},{"taxonomy":"product_tag","embeddable":true,"href":"https:\/\/www.tharita.fr\/fr\/wp-json\/wp\/v2\/product_tag?post=4858"}],"curies":[{"name":"wp","href":"https:\/\/api.w.org\/{rel}","templated":true}]}}