{"id":4910,"date":"2019-07-19T14:29:11","date_gmt":"2019-07-19T12:29:11","guid":{"rendered":"https:\/\/www.tharita.fr\/product\/rumba-argentee\/"},"modified":"2024-06-13T11:58:07","modified_gmt":"2024-06-13T09:58:07","slug":"rumba-argento","status":"publish","type":"product","link":"https:\/\/www.tharita.fr\/fr\/produit\/rumba-argento\/","title":{"rendered":"Rumba argent\u00e9e"},"content":{"rendered":"","protected":false},"excerpt":{"rendered":"<p>\u00c9DITION LIMIT\u00c9E !<\/p>\n<p>Ce deux-pi\u00e8ces est finement con\u00e7u avec des franges invers\u00e9es de 2 cm aux coupes et aux finitions parfaites, donnant une fine sculpture au corps de la femme.<\/p>\n<p>&nbsp;<\/p>\n<p>COMPOSITION :<\/p>\n<p>80% polyamide<br \/>\n20% d&rsquo;\u00e9lasthanne<\/p>\n<p>&nbsp;<\/p>\n","protected":false},"featured_media":3662,"template":"","meta":[],"product_brand":[],"product_cat":[224],"product_tag":[206],"class_list":{"0":"post-4910","1":"product","2":"type-product","3":"status-publish","4":"has-post-thumbnail","6":"product_cat-collection-les-annees-folles-fr","7":"product_tag-deux-pieces-7","9":"first","10":"instock","11":"shipping-taxable","12":"purchasable","13":"product-type-variable","14":"has-default-attributes"},"_links":{"self":[{"href":"https:\/\/www.tharita.fr\/fr\/wp-json\/wp\/v2\/product\/4910","targetHints":{"allow":["GET"]}}],"collection":[{"href":"https:\/\/www.tharita.fr\/fr\/wp-json\/wp\/v2\/product"}],"about":[{"href":"https:\/\/www.tharita.fr\/fr\/wp-json\/wp\/v2\/types\/product"}],"version-history":[{"count":1,"href":"https:\/\/www.tharita.fr\/fr\/wp-json\/wp\/v2\/product\/4910\/revisions"}],"predecessor-version":[{"id":4927,"href":"https:\/\/www.tharita.fr\/fr\/wp-json\/wp\/v2\/product\/4910\/revisions\/4927"}],"wp:featuredmedia":[{"embeddable":true,"href":"https:\/\/www.tharita.fr\/fr\/wp-json\/wp\/v2\/media\/3662"}],"wp:attachment":[{"href":"https:\/\/www.tharita.fr\/fr\/wp-json\/wp\/v2\/media?parent=4910"}],"wp:term":[{"taxonomy":"product_brand","embeddable":true,"href":"https:\/\/www.tharita.fr\/fr\/wp-json\/wp\/v2\/product_brand?post=4910"},{"taxonomy":"product_cat","embeddable":true,"href":"https:\/\/www.tharita.fr\/fr\/wp-json\/wp\/v2\/product_cat?post=4910"},{"taxonomy":"product_tag","embeddable":true,"href":"https:\/\/www.tharita.fr\/fr\/wp-json\/wp\/v2\/product_tag?post=4910"}],"curies":[{"name":"wp","href":"https:\/\/api.w.org\/{rel}","templated":true}]}}