{"id":4911,"date":"2019-07-19T14:29:12","date_gmt":"2019-07-19T12:29:12","guid":{"rendered":"https:\/\/www.tharita.fr\/product\/bamba-rouge\/"},"modified":"2026-05-15T16:43:31","modified_gmt":"2026-05-15T14:43:31","slug":"bamba-rouge","status":"publish","type":"product","link":"https:\/\/www.tharita.fr\/fr\/produit\/bamba-rouge\/","title":{"rendered":"Bamba rouge"},"content":{"rendered":"","protected":false},"excerpt":{"rendered":"<p>\u00c9DITION LIMIT\u00c9E !<\/p>\n<p>Ce deux-pi\u00e8ces bustier est dot\u00e9 d&rsquo;une frange r\u00e9versible de 2 cm juste devant, tandis que le dos est uni, ce qui permet de faire facilement le noeud. Le slip est simple et sans frange.<\/p>\n","protected":false},"featured_media":3612,"template":"","meta":[],"product_brand":[],"product_cat":[128],"product_tag":[129],"class_list":{"0":"post-4911","1":"product","2":"type-product","3":"status-publish","4":"has-post-thumbnail","6":"product_cat-danse-dans-la-rue","7":"product_tag-deux-pieces","9":"first","10":"instock","11":"shipping-taxable","12":"purchasable","13":"product-type-variable","14":"has-default-attributes"},"_links":{"self":[{"href":"https:\/\/www.tharita.fr\/fr\/wp-json\/wp\/v2\/product\/4911","targetHints":{"allow":["GET"]}}],"collection":[{"href":"https:\/\/www.tharita.fr\/fr\/wp-json\/wp\/v2\/product"}],"about":[{"href":"https:\/\/www.tharita.fr\/fr\/wp-json\/wp\/v2\/types\/product"}],"version-history":[{"count":1,"href":"https:\/\/www.tharita.fr\/fr\/wp-json\/wp\/v2\/product\/4911\/revisions"}],"predecessor-version":[{"id":4931,"href":"https:\/\/www.tharita.fr\/fr\/wp-json\/wp\/v2\/product\/4911\/revisions\/4931"}],"wp:featuredmedia":[{"embeddable":true,"href":"https:\/\/www.tharita.fr\/fr\/wp-json\/wp\/v2\/media\/3612"}],"wp:attachment":[{"href":"https:\/\/www.tharita.fr\/fr\/wp-json\/wp\/v2\/media?parent=4911"}],"wp:term":[{"taxonomy":"product_brand","embeddable":true,"href":"https:\/\/www.tharita.fr\/fr\/wp-json\/wp\/v2\/product_brand?post=4911"},{"taxonomy":"product_cat","embeddable":true,"href":"https:\/\/www.tharita.fr\/fr\/wp-json\/wp\/v2\/product_cat?post=4911"},{"taxonomy":"product_tag","embeddable":true,"href":"https:\/\/www.tharita.fr\/fr\/wp-json\/wp\/v2\/product_tag?post=4911"}],"curies":[{"name":"wp","href":"https:\/\/api.w.org\/{rel}","templated":true}]}}