{"id":4934,"date":"2019-07-19T14:29:10","date_gmt":"2019-07-19T12:29:10","guid":{"rendered":"https:\/\/www.tharita.fr\/product\/rumba-noire\/"},"modified":"2024-06-13T12:00:13","modified_gmt":"2024-06-13T10:00:13","slug":"rumba-noir","status":"publish","type":"product","link":"https:\/\/www.tharita.fr\/fr\/produit\/rumba-noir\/","title":{"rendered":"Rumba noire"},"content":{"rendered":"","protected":false},"excerpt":{"rendered":"<p>\u00c9DITION LIMIT\u00c9E !<\/p>\n<p>Ce deux-pi\u00e8ces est finement con\u00e7u avec des franges invers\u00e9es de 2 cm aux coupes et aux finitions parfaites, donnant une fine sculpture au corps de la femme.<\/p>\n<p>&nbsp;<\/p>\n<p>COMPOSITION :<\/p>\n<p>Tous les mat\u00e9riaux sont sp\u00e9cialement import\u00e9s d&rsquo;Italie.<\/p>\n<p>80% polyamide<br \/>\n20 % d&rsquo;\u00e9lasthanne<\/p>\n","protected":false},"featured_media":3666,"template":"","meta":[],"product_brand":[],"product_cat":[224],"product_tag":[209],"class_list":{"0":"post-4934","1":"product","2":"type-product","3":"status-publish","4":"has-post-thumbnail","6":"product_cat-collection-les-annees-folles-fr","7":"product_tag-deux-pieces-10","9":"first","10":"instock","11":"shipping-taxable","12":"purchasable","13":"product-type-variable","14":"has-default-attributes"},"_links":{"self":[{"href":"https:\/\/www.tharita.fr\/fr\/wp-json\/wp\/v2\/product\/4934","targetHints":{"allow":["GET"]}}],"collection":[{"href":"https:\/\/www.tharita.fr\/fr\/wp-json\/wp\/v2\/product"}],"about":[{"href":"https:\/\/www.tharita.fr\/fr\/wp-json\/wp\/v2\/types\/product"}],"version-history":[{"count":1,"href":"https:\/\/www.tharita.fr\/fr\/wp-json\/wp\/v2\/product\/4934\/revisions"}],"predecessor-version":[{"id":4952,"href":"https:\/\/www.tharita.fr\/fr\/wp-json\/wp\/v2\/product\/4934\/revisions\/4952"}],"wp:featuredmedia":[{"embeddable":true,"href":"https:\/\/www.tharita.fr\/fr\/wp-json\/wp\/v2\/media\/3666"}],"wp:attachment":[{"href":"https:\/\/www.tharita.fr\/fr\/wp-json\/wp\/v2\/media?parent=4934"}],"wp:term":[{"taxonomy":"product_brand","embeddable":true,"href":"https:\/\/www.tharita.fr\/fr\/wp-json\/wp\/v2\/product_brand?post=4934"},{"taxonomy":"product_cat","embeddable":true,"href":"https:\/\/www.tharita.fr\/fr\/wp-json\/wp\/v2\/product_cat?post=4934"},{"taxonomy":"product_tag","embeddable":true,"href":"https:\/\/www.tharita.fr\/fr\/wp-json\/wp\/v2\/product_tag?post=4934"}],"curies":[{"name":"wp","href":"https:\/\/api.w.org\/{rel}","templated":true}]}}