{"id":5061,"date":"2019-07-19T14:29:08","date_gmt":"2019-07-19T12:29:08","guid":{"rendered":"https:\/\/www.tharita.fr\/product\/mambo\/"},"modified":"2024-06-13T12:00:14","modified_gmt":"2024-06-13T10:00:14","slug":"mambo","status":"publish","type":"product","link":"https:\/\/www.tharita.fr\/fr\/produit\/mambo\/","title":{"rendered":"Mambo"},"content":{"rendered":"","protected":false},"excerpt":{"rendered":"<p>\u00c9DITION LIMIT\u00c9E !<\/p>\n<p>Ce maillot de bain sophistiqu\u00e9 avec une frange de 20 cm autour du bustier a un mat\u00e9riau antid\u00e9rapant en dessous pour le maintenir en place et l&#8217;emp\u00eacher de tomber. Inspir\u00e9 de la forme de danse latine Mambo, ce maillot de bain peut \u00e9galement \u00eatre utilis\u00e9 comme corsage pour tout \u00e9v\u00e9nement.<\/p>\n<p>COMPOSITION :<\/p>\n<p>Tous les mat\u00e9riaux sont import\u00e9s d&rsquo;Italie.<br \/>\n80% polyamide<br \/>\n20 % d&rsquo;\u00e9lasthanne<\/p>\n","protected":false},"featured_media":4560,"template":"","meta":[],"product_brand":[],"product_cat":[224,128],"product_tag":[234],"class_list":{"0":"post-5061","1":"product","2":"type-product","3":"status-publish","4":"has-post-thumbnail","6":"product_cat-collection-les-annees-folles-fr","7":"product_cat-danse-dans-la-rue","8":"product_tag-one-piece-fr","10":"first","11":"instock","12":"shipping-taxable","13":"purchasable","14":"product-type-variable","15":"has-default-attributes"},"_links":{"self":[{"href":"https:\/\/www.tharita.fr\/fr\/wp-json\/wp\/v2\/product\/5061","targetHints":{"allow":["GET"]}}],"collection":[{"href":"https:\/\/www.tharita.fr\/fr\/wp-json\/wp\/v2\/product"}],"about":[{"href":"https:\/\/www.tharita.fr\/fr\/wp-json\/wp\/v2\/types\/product"}],"version-history":[{"count":1,"href":"https:\/\/www.tharita.fr\/fr\/wp-json\/wp\/v2\/product\/5061\/revisions"}],"predecessor-version":[{"id":5084,"href":"https:\/\/www.tharita.fr\/fr\/wp-json\/wp\/v2\/product\/5061\/revisions\/5084"}],"wp:featuredmedia":[{"embeddable":true,"href":"https:\/\/www.tharita.fr\/fr\/wp-json\/wp\/v2\/media\/4560"}],"wp:attachment":[{"href":"https:\/\/www.tharita.fr\/fr\/wp-json\/wp\/v2\/media?parent=5061"}],"wp:term":[{"taxonomy":"product_brand","embeddable":true,"href":"https:\/\/www.tharita.fr\/fr\/wp-json\/wp\/v2\/product_brand?post=5061"},{"taxonomy":"product_cat","embeddable":true,"href":"https:\/\/www.tharita.fr\/fr\/wp-json\/wp\/v2\/product_cat?post=5061"},{"taxonomy":"product_tag","embeddable":true,"href":"https:\/\/www.tharita.fr\/fr\/wp-json\/wp\/v2\/product_tag?post=5061"}],"curies":[{"name":"wp","href":"https:\/\/api.w.org\/{rel}","templated":true}]}}