{"id":5087,"date":"2019-07-19T14:29:22","date_gmt":"2019-07-19T12:29:22","guid":{"rendered":"https:\/\/www.tharita.fr\/product\/caliope-noir\/"},"modified":"2022-07-13T10:56:38","modified_gmt":"2022-07-13T08:56:38","slug":"caliope-noir","status":"publish","type":"product","link":"https:\/\/www.tharita.fr\/fr\/produit\/caliope-noir\/","title":{"rendered":"Caliope noir"},"content":{"rendered":"","protected":false},"excerpt":{"rendered":"<p>&nbsp;<\/p>\n<p>&nbsp;<\/p>\n<p>\u00c9DITION LIMIT\u00c9E !<\/p>\n<p>Il s&rsquo;agit d&rsquo;un maillot de bain sophistiqu\u00e9 d&rsquo;une seule pi\u00e8ce. Son cadre offre un soutien parfait de la poitrine et une jolie mise en valeur qui se termine par de larges bretelles enroul\u00e9es autour du cou qui conviendront \u00e0 toutes les femmes. Il poss\u00e8de \u00e9galement des coutures sur le c\u00f4t\u00e9 pour donner une silhouette parfaite.<\/p>\n<p>&nbsp;<\/p>\n<p>&nbsp;<\/p>\n<p>COMPOSITION :<\/p>\n<p>Tous les mat\u00e9riaux sont sp\u00e9cialement import\u00e9s d&rsquo;Italie.<\/p>\n<p>80% polyamide<br \/>\n20 % d&rsquo;\u00e9lasthanne<\/p>\n<p>&nbsp;<\/p>\n","protected":false},"featured_media":3862,"template":"","meta":[],"product_brand":[],"product_cat":[146],"product_tag":[130],"class_list":{"0":"post-5087","1":"product","2":"type-product","3":"status-publish","4":"has-post-thumbnail","6":"product_cat-en-promo","7":"product_tag-une-piece","9":"first","10":"instock","11":"sale","12":"shipping-taxable","13":"purchasable","14":"product-type-simple"},"_links":{"self":[{"href":"https:\/\/www.tharita.fr\/fr\/wp-json\/wp\/v2\/product\/5087","targetHints":{"allow":["GET"]}}],"collection":[{"href":"https:\/\/www.tharita.fr\/fr\/wp-json\/wp\/v2\/product"}],"about":[{"href":"https:\/\/www.tharita.fr\/fr\/wp-json\/wp\/v2\/types\/product"}],"version-history":[{"count":1,"href":"https:\/\/www.tharita.fr\/fr\/wp-json\/wp\/v2\/product\/5087\/revisions"}],"predecessor-version":[{"id":5093,"href":"https:\/\/www.tharita.fr\/fr\/wp-json\/wp\/v2\/product\/5087\/revisions\/5093"}],"wp:featuredmedia":[{"embeddable":true,"href":"https:\/\/www.tharita.fr\/fr\/wp-json\/wp\/v2\/media\/3862"}],"wp:attachment":[{"href":"https:\/\/www.tharita.fr\/fr\/wp-json\/wp\/v2\/media?parent=5087"}],"wp:term":[{"taxonomy":"product_brand","embeddable":true,"href":"https:\/\/www.tharita.fr\/fr\/wp-json\/wp\/v2\/product_brand?post=5087"},{"taxonomy":"product_cat","embeddable":true,"href":"https:\/\/www.tharita.fr\/fr\/wp-json\/wp\/v2\/product_cat?post=5087"},{"taxonomy":"product_tag","embeddable":true,"href":"https:\/\/www.tharita.fr\/fr\/wp-json\/wp\/v2\/product_tag?post=5087"}],"curies":[{"name":"wp","href":"https:\/\/api.w.org\/{rel}","templated":true}]}}