{"id":5088,"date":"2019-07-19T14:29:16","date_gmt":"2019-07-19T12:29:16","guid":{"rendered":"https:\/\/www.tharita.fr\/product\/lambada-courte-turquoise\/"},"modified":"2024-06-13T11:35:31","modified_gmt":"2024-06-13T09:35:31","slug":"short-lambada-turquoise","status":"publish","type":"product","link":"https:\/\/www.tharita.fr\/fr\/produit\/short-lambada-turquoise\/","title":{"rendered":"Lambada courte turquoise"},"content":{"rendered":"","protected":false},"excerpt":{"rendered":"<p>\u00c9DITION LIMIT\u00c9E<\/p>\n<p>Ce short simple mais \u00e9l\u00e9gant est un tissu uni avec une coupe simple et de petites franges invers\u00e9es de chaque c\u00f4t\u00e9 donnant une finition tr\u00e8s sophistiqu\u00e9e.<\/p>\n<p>&nbsp;<\/p>\n<p>COMPOSITION :<\/p>\n<p>Tous les mat\u00e9riaux sont sp\u00e9cialement import\u00e9s d&rsquo;Italie.<\/p>\n<p>80% polyamide<br \/>\n20 % d&rsquo;\u00e9lasthanne<\/p>\n","protected":false},"featured_media":3648,"template":"","meta":[],"product_brand":[],"product_cat":[224],"product_tag":[220,219],"class_list":{"0":"post-5088","1":"product","2":"type-product","3":"status-publish","4":"has-post-thumbnail","6":"product_cat-collection-les-annees-folles-fr","7":"product_tag-deux-pieces-17","8":"product_tag-vetements-de-plage-4","10":"first","11":"instock","12":"shipping-taxable","13":"purchasable","14":"product-type-variable","15":"has-default-attributes"},"_links":{"self":[{"href":"https:\/\/www.tharita.fr\/fr\/wp-json\/wp\/v2\/product\/5088","targetHints":{"allow":["GET"]}}],"collection":[{"href":"https:\/\/www.tharita.fr\/fr\/wp-json\/wp\/v2\/product"}],"about":[{"href":"https:\/\/www.tharita.fr\/fr\/wp-json\/wp\/v2\/types\/product"}],"version-history":[{"count":1,"href":"https:\/\/www.tharita.fr\/fr\/wp-json\/wp\/v2\/product\/5088\/revisions"}],"predecessor-version":[{"id":5102,"href":"https:\/\/www.tharita.fr\/fr\/wp-json\/wp\/v2\/product\/5088\/revisions\/5102"}],"wp:featuredmedia":[{"embeddable":true,"href":"https:\/\/www.tharita.fr\/fr\/wp-json\/wp\/v2\/media\/3648"}],"wp:attachment":[{"href":"https:\/\/www.tharita.fr\/fr\/wp-json\/wp\/v2\/media?parent=5088"}],"wp:term":[{"taxonomy":"product_brand","embeddable":true,"href":"https:\/\/www.tharita.fr\/fr\/wp-json\/wp\/v2\/product_brand?post=5088"},{"taxonomy":"product_cat","embeddable":true,"href":"https:\/\/www.tharita.fr\/fr\/wp-json\/wp\/v2\/product_cat?post=5088"},{"taxonomy":"product_tag","embeddable":true,"href":"https:\/\/www.tharita.fr\/fr\/wp-json\/wp\/v2\/product_tag?post=5088"}],"curies":[{"name":"wp","href":"https:\/\/api.w.org\/{rel}","templated":true}]}}