{"id":5091,"date":"2019-07-19T14:29:23","date_gmt":"2019-07-19T12:29:23","guid":{"rendered":"https:\/\/www.tharita.fr\/product\/hera-noir\/"},"modified":"2024-07-11T17:19:58","modified_gmt":"2024-07-11T15:19:58","slug":"ref-14m12-noir-blanc","status":"publish","type":"product","link":"https:\/\/www.tharita.fr\/fr\/produit\/ref-14m12-noir-blanc\/","title":{"rendered":"Une pi\u00e8ce<br>Hera Black"},"content":{"rendered":"","protected":false},"excerpt":{"rendered":"<p>\u00c9DITION LIMIT\u00c9E !<\/p>\n<p>Ce maillot de bain une pi\u00e8ce pr\u00e9sente des plis sur le bonnet qui soulignent la poitrine d&rsquo;un joli n\u0153ud tout en assurant un maintien parfait de la poitrine gr\u00e2ce \u00e0 ses bretelles confortables.<\/p>\n<p>COMPOSITION :<\/p>\n<p>Tous les mat\u00e9riaux sont sp\u00e9cialement import\u00e9s d&rsquo;Italie.<\/p>\n<p>80% polyamide<br \/>\n20 % d&rsquo;\u00e9lasthanne<\/p>\n","protected":false},"featured_media":6459,"template":"","meta":[],"product_brand":[],"product_cat":[257,146],"product_tag":[234],"class_list":{"0":"post-5091","1":"product","2":"type-product","3":"status-publish","4":"has-post-thumbnail","6":"product_cat-collection-capsule-fr","7":"product_cat-en-promo","8":"product_tag-one-piece-fr","10":"first","11":"instock","12":"sale","13":"shipping-taxable","14":"purchasable","15":"product-type-simple"},"_links":{"self":[{"href":"https:\/\/www.tharita.fr\/fr\/wp-json\/wp\/v2\/product\/5091","targetHints":{"allow":["GET"]}}],"collection":[{"href":"https:\/\/www.tharita.fr\/fr\/wp-json\/wp\/v2\/product"}],"about":[{"href":"https:\/\/www.tharita.fr\/fr\/wp-json\/wp\/v2\/types\/product"}],"version-history":[{"count":6,"href":"https:\/\/www.tharita.fr\/fr\/wp-json\/wp\/v2\/product\/5091\/revisions"}],"predecessor-version":[{"id":6684,"href":"https:\/\/www.tharita.fr\/fr\/wp-json\/wp\/v2\/product\/5091\/revisions\/6684"}],"wp:featuredmedia":[{"embeddable":true,"href":"https:\/\/www.tharita.fr\/fr\/wp-json\/wp\/v2\/media\/6459"}],"wp:attachment":[{"href":"https:\/\/www.tharita.fr\/fr\/wp-json\/wp\/v2\/media?parent=5091"}],"wp:term":[{"taxonomy":"product_brand","embeddable":true,"href":"https:\/\/www.tharita.fr\/fr\/wp-json\/wp\/v2\/product_brand?post=5091"},{"taxonomy":"product_cat","embeddable":true,"href":"https:\/\/www.tharita.fr\/fr\/wp-json\/wp\/v2\/product_cat?post=5091"},{"taxonomy":"product_tag","embeddable":true,"href":"https:\/\/www.tharita.fr\/fr\/wp-json\/wp\/v2\/product_tag?post=5091"}],"curies":[{"name":"wp","href":"https:\/\/api.w.org\/{rel}","templated":true}]}}