{"id":5104,"date":"2019-07-19T14:29:28","date_gmt":"2019-07-19T12:29:28","guid":{"rendered":"https:\/\/www.tharita.fr\/product\/bootes-rouge-et-orange\/"},"modified":"2022-07-13T10:56:40","modified_gmt":"2022-07-13T08:56:40","slug":"bootes-rouge-et-orange","status":"publish","type":"product","link":"https:\/\/www.tharita.fr\/fr\/produit\/bootes-rouge-et-orange\/","title":{"rendered":"Bootes rouge et orange"},"content":{"rendered":"","protected":false},"excerpt":{"rendered":"<p>&nbsp;<\/p>\n<p>\u00c9DITION LIMIT\u00c9E !<\/p>\n<p>Ces deux pi\u00e8ces de maillot de bain ont un haut avec un large bandeau qui fait le tour du cou. Il peut \u00eatre port\u00e9 de nombreuses fa\u00e7ons. Pour une petite poitrine, il suffit de l&rsquo;enrouler sur elle-m\u00eame pour avoir un effet de suspension et pour une grosse poitrine, elle la recouvrira compl\u00e8tement et assurera un soutien parfait de la poitrine.<\/p>\n<p>&nbsp;<\/p>\n<p>&nbsp;<\/p>\n<p>COMPOSITION :<\/p>\n<p>Tous les mat\u00e9riaux sont sp\u00e9cialement import\u00e9s d&rsquo;Italie.<\/p>\n<p>80% polyamide<br \/>\n20 % d&rsquo;\u00e9lasthanne<\/p>\n","protected":false},"featured_media":3824,"template":"","meta":[],"product_brand":[],"product_cat":[146],"product_tag":[129],"class_list":{"0":"post-5104","1":"product","2":"type-product","3":"status-publish","4":"has-post-thumbnail","6":"product_cat-en-promo","7":"product_tag-deux-pieces","9":"first","10":"outofstock","11":"sale","12":"shipping-taxable","13":"purchasable","14":"product-type-simple"},"_links":{"self":[{"href":"https:\/\/www.tharita.fr\/fr\/wp-json\/wp\/v2\/product\/5104","targetHints":{"allow":["GET"]}}],"collection":[{"href":"https:\/\/www.tharita.fr\/fr\/wp-json\/wp\/v2\/product"}],"about":[{"href":"https:\/\/www.tharita.fr\/fr\/wp-json\/wp\/v2\/types\/product"}],"version-history":[{"count":1,"href":"https:\/\/www.tharita.fr\/fr\/wp-json\/wp\/v2\/product\/5104\/revisions"}],"predecessor-version":[{"id":5108,"href":"https:\/\/www.tharita.fr\/fr\/wp-json\/wp\/v2\/product\/5104\/revisions\/5108"}],"wp:featuredmedia":[{"embeddable":true,"href":"https:\/\/www.tharita.fr\/fr\/wp-json\/wp\/v2\/media\/3824"}],"wp:attachment":[{"href":"https:\/\/www.tharita.fr\/fr\/wp-json\/wp\/v2\/media?parent=5104"}],"wp:term":[{"taxonomy":"product_brand","embeddable":true,"href":"https:\/\/www.tharita.fr\/fr\/wp-json\/wp\/v2\/product_brand?post=5104"},{"taxonomy":"product_cat","embeddable":true,"href":"https:\/\/www.tharita.fr\/fr\/wp-json\/wp\/v2\/product_cat?post=5104"},{"taxonomy":"product_tag","embeddable":true,"href":"https:\/\/www.tharita.fr\/fr\/wp-json\/wp\/v2\/product_tag?post=5104"}],"curies":[{"name":"wp","href":"https:\/\/api.w.org\/{rel}","templated":true}]}}