{"id":5132,"date":"2019-07-19T14:29:23","date_gmt":"2019-07-19T12:29:23","guid":{"rendered":"https:\/\/www.tharita.fr\/product\/hera-bleu-electrique\/"},"modified":"2022-07-13T10:56:44","modified_gmt":"2022-07-13T08:56:44","slug":"hera-bleu-electrique","status":"publish","type":"product","link":"https:\/\/www.tharita.fr\/fr\/produit\/hera-bleu-electrique\/","title":{"rendered":"Hera bleu \u00e9lectrique"},"content":{"rendered":"","protected":false},"excerpt":{"rendered":"<p>&nbsp;<\/p>\n<p>\u00c9DITION LIMIT\u00c9E !<\/p>\n<p>&nbsp;<\/p>\n<p>Ce maillot de bain une pi\u00e8ce pr\u00e9sente des plis sur le bonnet qui soulignent la poitrine d&rsquo;un joli n\u0153ud tout en assurant un maintien parfait de la poitrine gr\u00e2ce \u00e0 ses bretelles confortables.<\/p>\n<p>&nbsp;<\/p>\n<p>&nbsp;<\/p>\n<p>COMPOSITION :<\/p>\n<p>Tous les mat\u00e9riaux sont sp\u00e9cialement import\u00e9s d&rsquo;Italie.<\/p>\n<p>80% polyamide<br \/>\n20 % d&rsquo;\u00e9lasthanne<\/p>\n<p>&nbsp;<\/p>\n","protected":false},"featured_media":3900,"template":"","meta":[],"product_brand":[],"product_cat":[146],"product_tag":[130],"class_list":{"0":"post-5132","1":"product","2":"type-product","3":"status-publish","4":"has-post-thumbnail","6":"product_cat-en-promo","7":"product_tag-une-piece","9":"first","10":"outofstock","11":"sale","12":"shipping-taxable","13":"purchasable","14":"product-type-simple"},"_links":{"self":[{"href":"https:\/\/www.tharita.fr\/fr\/wp-json\/wp\/v2\/product\/5132","targetHints":{"allow":["GET"]}}],"collection":[{"href":"https:\/\/www.tharita.fr\/fr\/wp-json\/wp\/v2\/product"}],"about":[{"href":"https:\/\/www.tharita.fr\/fr\/wp-json\/wp\/v2\/types\/product"}],"version-history":[{"count":1,"href":"https:\/\/www.tharita.fr\/fr\/wp-json\/wp\/v2\/product\/5132\/revisions"}],"predecessor-version":[{"id":5139,"href":"https:\/\/www.tharita.fr\/fr\/wp-json\/wp\/v2\/product\/5132\/revisions\/5139"}],"wp:featuredmedia":[{"embeddable":true,"href":"https:\/\/www.tharita.fr\/fr\/wp-json\/wp\/v2\/media\/3900"}],"wp:attachment":[{"href":"https:\/\/www.tharita.fr\/fr\/wp-json\/wp\/v2\/media?parent=5132"}],"wp:term":[{"taxonomy":"product_brand","embeddable":true,"href":"https:\/\/www.tharita.fr\/fr\/wp-json\/wp\/v2\/product_brand?post=5132"},{"taxonomy":"product_cat","embeddable":true,"href":"https:\/\/www.tharita.fr\/fr\/wp-json\/wp\/v2\/product_cat?post=5132"},{"taxonomy":"product_tag","embeddable":true,"href":"https:\/\/www.tharita.fr\/fr\/wp-json\/wp\/v2\/product_tag?post=5132"}],"curies":[{"name":"wp","href":"https:\/\/api.w.org\/{rel}","templated":true}]}}