{"id":5145,"date":"2019-07-19T14:29:22","date_gmt":"2019-07-19T12:29:22","guid":{"rendered":"https:\/\/www.tharita.fr\/product\/metis-noir\/"},"modified":"2022-07-13T10:56:46","modified_gmt":"2022-07-13T08:56:46","slug":"metis-noir","status":"publish","type":"product","link":"https:\/\/www.tharita.fr\/fr\/produit\/metis-noir\/","title":{"rendered":"M\u00e9tis noir"},"content":{"rendered":"","protected":false},"excerpt":{"rendered":"<p>&nbsp;<\/p>\n<p>&nbsp;<\/p>\n<p>\u00c9DITION LIMIT\u00c9E !<\/p>\n<p>Ce maillot de bain une pi\u00e8ce sophistiqu\u00e9 pr\u00e9sente un effet cache-c\u0153ur au d\u00e9collet\u00e9 plongeant, ses bretelles doubl\u00e9es sont nou\u00e9es autour du cou et mettent en valeur les coutures fronc\u00e9es sur la poitrine pour un r\u00e9sultat \u00e9l\u00e9gant tout en assurant un maintien parfait de la poitrine.<\/p>\n<p>&nbsp;<\/p>\n<p>COMPOSITION :<\/p>\n<p>Tous les mat\u00e9riaux sont sp\u00e9cialement import\u00e9s d&rsquo;Italie.<\/p>\n<p>80% polyamide<br \/>\n20 % d&rsquo;\u00e9lasthanne<\/p>\n","protected":false},"featured_media":3844,"template":"","meta":[],"product_brand":[],"product_cat":[146],"product_tag":[130],"class_list":{"0":"post-5145","1":"product","2":"type-product","3":"status-publish","4":"has-post-thumbnail","6":"product_cat-en-promo","7":"product_tag-une-piece","9":"first","10":"instock","11":"sale","12":"shipping-taxable","13":"purchasable","14":"product-type-simple"},"_links":{"self":[{"href":"https:\/\/www.tharita.fr\/fr\/wp-json\/wp\/v2\/product\/5145","targetHints":{"allow":["GET"]}}],"collection":[{"href":"https:\/\/www.tharita.fr\/fr\/wp-json\/wp\/v2\/product"}],"about":[{"href":"https:\/\/www.tharita.fr\/fr\/wp-json\/wp\/v2\/types\/product"}],"version-history":[{"count":1,"href":"https:\/\/www.tharita.fr\/fr\/wp-json\/wp\/v2\/product\/5145\/revisions"}],"predecessor-version":[{"id":5152,"href":"https:\/\/www.tharita.fr\/fr\/wp-json\/wp\/v2\/product\/5145\/revisions\/5152"}],"wp:featuredmedia":[{"embeddable":true,"href":"https:\/\/www.tharita.fr\/fr\/wp-json\/wp\/v2\/media\/3844"}],"wp:attachment":[{"href":"https:\/\/www.tharita.fr\/fr\/wp-json\/wp\/v2\/media?parent=5145"}],"wp:term":[{"taxonomy":"product_brand","embeddable":true,"href":"https:\/\/www.tharita.fr\/fr\/wp-json\/wp\/v2\/product_brand?post=5145"},{"taxonomy":"product_cat","embeddable":true,"href":"https:\/\/www.tharita.fr\/fr\/wp-json\/wp\/v2\/product_cat?post=5145"},{"taxonomy":"product_tag","embeddable":true,"href":"https:\/\/www.tharita.fr\/fr\/wp-json\/wp\/v2\/product_tag?post=5145"}],"curies":[{"name":"wp","href":"https:\/\/api.w.org\/{rel}","templated":true}]}}