{"id":5179,"date":"2019-07-19T14:29:31","date_gmt":"2019-07-19T12:29:31","guid":{"rendered":"https:\/\/www.tharita.fr\/product\/sygnus-noir-et-orange\/"},"modified":"2022-07-13T10:57:38","modified_gmt":"2022-07-13T08:57:38","slug":"sygnus-noir-et-orange","status":"publish","type":"product","link":"https:\/\/www.tharita.fr\/fr\/produit\/sygnus-noir-et-orange\/","title":{"rendered":"Sygnus noir et orange"},"content":{"rendered":"","protected":false},"excerpt":{"rendered":"<p>&nbsp;<\/p>\n<p>\u00c9DITION LIMIT\u00c9E !<\/p>\n<p>Ce maillot de bain une pi\u00e8ce indispensable est dot\u00e9 d&rsquo;une bande antid\u00e9rapante qui soutient parfaitement la poitrine. Ce maillot de bain une pi\u00e8ce est disponible avec une tr\u00e8s fine lani\u00e8re nou\u00e9e autour du cou.<\/p>\n<p>&nbsp;<\/p>\n<p>80% polyamide<br \/>\n20% d&rsquo;\u00e9lasthanne<\/p>\n","protected":false},"featured_media":3972,"template":"","meta":[],"product_brand":[],"product_cat":[146],"product_tag":[130],"class_list":{"0":"post-5179","1":"product","2":"type-product","3":"status-publish","4":"has-post-thumbnail","6":"product_cat-en-promo","7":"product_tag-une-piece","9":"first","10":"outofstock","11":"sale","12":"shipping-taxable","13":"purchasable","14":"product-type-simple"},"_links":{"self":[{"href":"https:\/\/www.tharita.fr\/fr\/wp-json\/wp\/v2\/product\/5179","targetHints":{"allow":["GET"]}}],"collection":[{"href":"https:\/\/www.tharita.fr\/fr\/wp-json\/wp\/v2\/product"}],"about":[{"href":"https:\/\/www.tharita.fr\/fr\/wp-json\/wp\/v2\/types\/product"}],"version-history":[{"count":1,"href":"https:\/\/www.tharita.fr\/fr\/wp-json\/wp\/v2\/product\/5179\/revisions"}],"predecessor-version":[{"id":5185,"href":"https:\/\/www.tharita.fr\/fr\/wp-json\/wp\/v2\/product\/5179\/revisions\/5185"}],"wp:featuredmedia":[{"embeddable":true,"href":"https:\/\/www.tharita.fr\/fr\/wp-json\/wp\/v2\/media\/3972"}],"wp:attachment":[{"href":"https:\/\/www.tharita.fr\/fr\/wp-json\/wp\/v2\/media?parent=5179"}],"wp:term":[{"taxonomy":"product_brand","embeddable":true,"href":"https:\/\/www.tharita.fr\/fr\/wp-json\/wp\/v2\/product_brand?post=5179"},{"taxonomy":"product_cat","embeddable":true,"href":"https:\/\/www.tharita.fr\/fr\/wp-json\/wp\/v2\/product_cat?post=5179"},{"taxonomy":"product_tag","embeddable":true,"href":"https:\/\/www.tharita.fr\/fr\/wp-json\/wp\/v2\/product_tag?post=5179"}],"curies":[{"name":"wp","href":"https:\/\/api.w.org\/{rel}","templated":true}]}}