{"id":5180,"date":"2019-07-19T14:29:30","date_gmt":"2019-07-19T12:29:30","guid":{"rendered":"https:\/\/www.tharita.fr\/product\/cephus-turquoise\/"},"modified":"2022-07-13T10:57:38","modified_gmt":"2022-07-13T08:57:38","slug":"cephus-turquoise","status":"publish","type":"product","link":"https:\/\/www.tharita.fr\/fr\/produit\/cephus-turquoise\/","title":{"rendered":"Cephus turquoise"},"content":{"rendered":"","protected":false},"excerpt":{"rendered":"<p>&nbsp;<\/p>\n<p>\u00c9DITION LIMIT\u00c9E !<\/p>\n<p>Ce petit bikini triangle sophistiqu\u00e9 comprend des pinces au niveau de la poitrine et une large bande sous la poitrine. Ses bretelles peuvent \u00eatre attach\u00e9es autour du cou ou dans le dos. Ce fond suspendu \u00e0 l&rsquo;arri\u00e8re offre un joli arrondi \u00e0 l&rsquo;arri\u00e8re.<\/p>\n<p>&nbsp;<\/p>\n<p>&nbsp;<\/p>\n<p>COMPOSITION :<\/p>\n<p>Tous les mat\u00e9riaux sont sp\u00e9cialement import\u00e9s d&rsquo;Italie.<\/p>\n<p>80% polyamide<br \/>\n20 % d&rsquo;\u00e9lasthanne<\/p>\n","protected":false},"featured_media":3808,"template":"","meta":[],"product_brand":[],"product_cat":[146],"product_tag":[129],"class_list":{"0":"post-5180","1":"product","2":"type-product","3":"status-publish","4":"has-post-thumbnail","6":"product_cat-en-promo","7":"product_tag-deux-pieces","9":"first","10":"outofstock","11":"sale","12":"shipping-taxable","13":"purchasable","14":"product-type-simple"},"_links":{"self":[{"href":"https:\/\/www.tharita.fr\/fr\/wp-json\/wp\/v2\/product\/5180","targetHints":{"allow":["GET"]}}],"collection":[{"href":"https:\/\/www.tharita.fr\/fr\/wp-json\/wp\/v2\/product"}],"about":[{"href":"https:\/\/www.tharita.fr\/fr\/wp-json\/wp\/v2\/types\/product"}],"version-history":[{"count":1,"href":"https:\/\/www.tharita.fr\/fr\/wp-json\/wp\/v2\/product\/5180\/revisions"}],"predecessor-version":[{"id":5187,"href":"https:\/\/www.tharita.fr\/fr\/wp-json\/wp\/v2\/product\/5180\/revisions\/5187"}],"wp:featuredmedia":[{"embeddable":true,"href":"https:\/\/www.tharita.fr\/fr\/wp-json\/wp\/v2\/media\/3808"}],"wp:attachment":[{"href":"https:\/\/www.tharita.fr\/fr\/wp-json\/wp\/v2\/media?parent=5180"}],"wp:term":[{"taxonomy":"product_brand","embeddable":true,"href":"https:\/\/www.tharita.fr\/fr\/wp-json\/wp\/v2\/product_brand?post=5180"},{"taxonomy":"product_cat","embeddable":true,"href":"https:\/\/www.tharita.fr\/fr\/wp-json\/wp\/v2\/product_cat?post=5180"},{"taxonomy":"product_tag","embeddable":true,"href":"https:\/\/www.tharita.fr\/fr\/wp-json\/wp\/v2\/product_tag?post=5180"}],"curies":[{"name":"wp","href":"https:\/\/api.w.org\/{rel}","templated":true}]}}