{"id":5194,"date":"2019-07-19T14:29:14","date_gmt":"2019-07-19T12:29:14","guid":{"rendered":"https:\/\/www.tharita.fr\/product\/samba-turquoise\/"},"modified":"2024-06-13T11:58:14","modified_gmt":"2024-06-13T09:58:14","slug":"samba-turquoise","status":"publish","type":"product","link":"https:\/\/www.tharita.fr\/fr\/produit\/samba-turquoise\/","title":{"rendered":"Samba turquoise"},"content":{"rendered":"","protected":false},"excerpt":{"rendered":"<p>\u00c9DITION LIMIT\u00c9E !<\/p>\n<p>Cet \u00e9l\u00e9gant deux-pi\u00e8ces comporte un haut de bikini en forme de V avec de petites franges r\u00e9versibles de 2 cm sur le devant. Alors que le slip de ce deux-pi\u00e8ces est un tissu \u00e0 coupe droite enti\u00e8rement recouvert enfreint.<\/p>\n<p>&nbsp;<\/p>\n<p>COMPOSITION :<\/p>\n<p>Tous les mat\u00e9riaux sont sp\u00e9cialement import\u00e9s d&rsquo;Italie.<\/p>\n<p>80% polyamide<br \/>\n20% d&rsquo;\u00e9lasthanne<\/p>\n","protected":false},"featured_media":3690,"template":"","meta":[],"product_brand":[],"product_cat":[224],"product_tag":[213],"class_list":{"0":"post-5194","1":"product","2":"type-product","3":"status-publish","4":"has-post-thumbnail","6":"product_cat-collection-les-annees-folles-fr","7":"product_tag-deux-pieces-13","9":"first","10":"instock","11":"sale","12":"shipping-taxable","13":"purchasable","14":"product-type-variable","15":"has-default-attributes"},"_links":{"self":[{"href":"https:\/\/www.tharita.fr\/fr\/wp-json\/wp\/v2\/product\/5194","targetHints":{"allow":["GET"]}}],"collection":[{"href":"https:\/\/www.tharita.fr\/fr\/wp-json\/wp\/v2\/product"}],"about":[{"href":"https:\/\/www.tharita.fr\/fr\/wp-json\/wp\/v2\/types\/product"}],"version-history":[{"count":1,"href":"https:\/\/www.tharita.fr\/fr\/wp-json\/wp\/v2\/product\/5194\/revisions"}],"predecessor-version":[{"id":5208,"href":"https:\/\/www.tharita.fr\/fr\/wp-json\/wp\/v2\/product\/5194\/revisions\/5208"}],"wp:featuredmedia":[{"embeddable":true,"href":"https:\/\/www.tharita.fr\/fr\/wp-json\/wp\/v2\/media\/3690"}],"wp:attachment":[{"href":"https:\/\/www.tharita.fr\/fr\/wp-json\/wp\/v2\/media?parent=5194"}],"wp:term":[{"taxonomy":"product_brand","embeddable":true,"href":"https:\/\/www.tharita.fr\/fr\/wp-json\/wp\/v2\/product_brand?post=5194"},{"taxonomy":"product_cat","embeddable":true,"href":"https:\/\/www.tharita.fr\/fr\/wp-json\/wp\/v2\/product_cat?post=5194"},{"taxonomy":"product_tag","embeddable":true,"href":"https:\/\/www.tharita.fr\/fr\/wp-json\/wp\/v2\/product_tag?post=5194"}],"curies":[{"name":"wp","href":"https:\/\/api.w.org\/{rel}","templated":true}]}}