{"id":5205,"date":"2019-07-19T14:29:31","date_gmt":"2019-07-19T12:29:31","guid":{"rendered":"https:\/\/www.tharita.fr\/product\/crux-rouge\/"},"modified":"2022-07-13T10:57:41","modified_gmt":"2022-07-13T08:57:41","slug":"crux-rouge","status":"publish","type":"product","link":"https:\/\/www.tharita.fr\/fr\/produit\/crux-rouge\/","title":{"rendered":"Crux rouge"},"content":{"rendered":"","protected":false},"excerpt":{"rendered":"<p>&nbsp;<\/p>\n<p>&nbsp;<\/p>\n<p>\u00c9DITION LIMIT\u00c9E !<\/p>\n<p>&nbsp;<\/p>\n<p>Cet \u00e9l\u00e9gant maillot de bain une pi\u00e8ce a un style unique. L&rsquo;\u0153illet met en valeur et vous donne une silhouette parfaite. Il est parfait pour tous les types de buste. Le dos pr\u00e9sente une encolure en forme de \u00ab\u00a0V\u00a0\u00bb qui s&rsquo;adapte parfaitement \u00e0 toutes les morphologies.<\/p>\n<p>&nbsp;<\/p>\n<p>&nbsp;<\/p>\n<p>COMPOSITION<\/p>\n<p>Tous les mat\u00e9riaux sont sp\u00e9cialement import\u00e9s d&rsquo;Italie.<\/p>\n<p>80% polyamide<br \/>\n20 % d&rsquo;\u00e9lasthanne<\/p>\n","protected":false},"featured_media":3882,"template":"","meta":[],"product_brand":[],"product_cat":[146],"product_tag":[130],"class_list":{"0":"post-5205","1":"product","2":"type-product","3":"status-publish","4":"has-post-thumbnail","6":"product_cat-en-promo","7":"product_tag-une-piece","9":"first","10":"outofstock","11":"sale","12":"shipping-taxable","13":"purchasable","14":"product-type-simple"},"_links":{"self":[{"href":"https:\/\/www.tharita.fr\/fr\/wp-json\/wp\/v2\/product\/5205","targetHints":{"allow":["GET"]}}],"collection":[{"href":"https:\/\/www.tharita.fr\/fr\/wp-json\/wp\/v2\/product"}],"about":[{"href":"https:\/\/www.tharita.fr\/fr\/wp-json\/wp\/v2\/types\/product"}],"version-history":[{"count":1,"href":"https:\/\/www.tharita.fr\/fr\/wp-json\/wp\/v2\/product\/5205\/revisions"}],"predecessor-version":[{"id":5211,"href":"https:\/\/www.tharita.fr\/fr\/wp-json\/wp\/v2\/product\/5205\/revisions\/5211"}],"wp:featuredmedia":[{"embeddable":true,"href":"https:\/\/www.tharita.fr\/fr\/wp-json\/wp\/v2\/media\/3882"}],"wp:attachment":[{"href":"https:\/\/www.tharita.fr\/fr\/wp-json\/wp\/v2\/media?parent=5205"}],"wp:term":[{"taxonomy":"product_brand","embeddable":true,"href":"https:\/\/www.tharita.fr\/fr\/wp-json\/wp\/v2\/product_brand?post=5205"},{"taxonomy":"product_cat","embeddable":true,"href":"https:\/\/www.tharita.fr\/fr\/wp-json\/wp\/v2\/product_cat?post=5205"},{"taxonomy":"product_tag","embeddable":true,"href":"https:\/\/www.tharita.fr\/fr\/wp-json\/wp\/v2\/product_tag?post=5205"}],"curies":[{"name":"wp","href":"https:\/\/api.w.org\/{rel}","templated":true}]}}