{"id":5222,"date":"2020-06-15T10:36:30","date_gmt":"2020-06-15T08:36:30","guid":{"rendered":"https:\/\/www.tharita.fr\/product\/selene-noir\/"},"modified":"2022-07-13T10:57:43","modified_gmt":"2022-07-13T08:57:43","slug":"selene-noir","status":"publish","type":"product","link":"https:\/\/www.tharita.fr\/fr\/produit\/selene-noir\/","title":{"rendered":"Selene noir"},"content":{"rendered":"","protected":false},"excerpt":{"rendered":"<p>\u00c9DITION LIMIT\u00c9E !<\/p>\n<p>Ce maillot de bain 1 pi\u00e8ce classique est dot\u00e9 d&rsquo;un profond d\u00e9collet\u00e9 plongeant et d&rsquo;un cordon d&rsquo;attache dans le dos. Les larges bandes de l&rsquo;encolure dos nu boucl\u00e9e offrent un soutien parfait \u00e0 la poitrine et vous mettent \u00e0 l&rsquo;aise.<\/p>\n<p>COMPOSITION :<\/p>\n<p>Tous les mat\u00e9riaux sont sp\u00e9cialement import\u00e9s d&rsquo;Itlay.<\/p>\n<p>80% Polymide<br \/>\n20 % d&rsquo;\u00e9lasthanne<\/p>\n","protected":false},"featured_media":4332,"template":"","meta":[],"product_brand":[],"product_cat":[125],"product_tag":[130],"class_list":{"0":"post-5222","1":"product","2":"type-product","3":"status-publish","4":"has-post-thumbnail","6":"product_cat-nouvel-age","7":"product_tag-une-piece","9":"first","10":"instock","11":"shipping-taxable","12":"purchasable","13":"product-type-simple"},"_links":{"self":[{"href":"https:\/\/www.tharita.fr\/fr\/wp-json\/wp\/v2\/product\/5222","targetHints":{"allow":["GET"]}}],"collection":[{"href":"https:\/\/www.tharita.fr\/fr\/wp-json\/wp\/v2\/product"}],"about":[{"href":"https:\/\/www.tharita.fr\/fr\/wp-json\/wp\/v2\/types\/product"}],"version-history":[{"count":1,"href":"https:\/\/www.tharita.fr\/fr\/wp-json\/wp\/v2\/product\/5222\/revisions"}],"predecessor-version":[{"id":5230,"href":"https:\/\/www.tharita.fr\/fr\/wp-json\/wp\/v2\/product\/5222\/revisions\/5230"}],"wp:featuredmedia":[{"embeddable":true,"href":"https:\/\/www.tharita.fr\/fr\/wp-json\/wp\/v2\/media\/4332"}],"wp:attachment":[{"href":"https:\/\/www.tharita.fr\/fr\/wp-json\/wp\/v2\/media?parent=5222"}],"wp:term":[{"taxonomy":"product_brand","embeddable":true,"href":"https:\/\/www.tharita.fr\/fr\/wp-json\/wp\/v2\/product_brand?post=5222"},{"taxonomy":"product_cat","embeddable":true,"href":"https:\/\/www.tharita.fr\/fr\/wp-json\/wp\/v2\/product_cat?post=5222"},{"taxonomy":"product_tag","embeddable":true,"href":"https:\/\/www.tharita.fr\/fr\/wp-json\/wp\/v2\/product_tag?post=5222"}],"curies":[{"name":"wp","href":"https:\/\/api.w.org\/{rel}","templated":true}]}}