{"id":5235,"date":"2019-07-19T14:29:25","date_gmt":"2019-07-19T12:29:25","guid":{"rendered":"https:\/\/www.tharita.fr\/product\/vela-rouge\/"},"modified":"2022-07-13T10:57:46","modified_gmt":"2022-07-13T08:57:46","slug":"vela-rouge","status":"publish","type":"product","link":"https:\/\/www.tharita.fr\/fr\/produit\/vela-rouge\/","title":{"rendered":"Vela rouge"},"content":{"rendered":"","protected":false},"excerpt":{"rendered":"<p>&nbsp;<\/p>\n<p>&nbsp;<\/p>\n<p>\u00c9DITION LIMIT\u00c9E !<\/p>\n<p>Ce maillot de bain une pi\u00e8ce sophistiqu\u00e9 inspir\u00e9 des ann\u00e9es 70 pr\u00e9sente un joli d\u00e9collet\u00e9 pendu qui souligne la poitrine, la coupe droite dans le dos met en valeur les formes de la femme. Il s&rsquo;adapte \u00e0 tous les types de poitrine.<\/p>\n<p>&nbsp;<\/p>\n<p>&nbsp;<\/p>\n<p>COMPOSITION :<\/p>\n<p>Tous les mat\u00e9riaux sont sp\u00e9cialement import\u00e9s d&rsquo;Italie.<\/p>\n<p>80% polyamide<br \/>\n20 % d&rsquo;\u00e9lasthanne<\/p>\n","protected":false},"featured_media":3908,"template":"","meta":[],"product_brand":[],"product_cat":[146],"product_tag":[130],"class_list":{"0":"post-5235","1":"product","2":"type-product","3":"status-publish","4":"has-post-thumbnail","6":"product_cat-en-promo","7":"product_tag-une-piece","9":"first","10":"instock","11":"sale","12":"shipping-taxable","13":"purchasable","14":"product-type-simple"},"_links":{"self":[{"href":"https:\/\/www.tharita.fr\/fr\/wp-json\/wp\/v2\/product\/5235","targetHints":{"allow":["GET"]}}],"collection":[{"href":"https:\/\/www.tharita.fr\/fr\/wp-json\/wp\/v2\/product"}],"about":[{"href":"https:\/\/www.tharita.fr\/fr\/wp-json\/wp\/v2\/types\/product"}],"version-history":[{"count":1,"href":"https:\/\/www.tharita.fr\/fr\/wp-json\/wp\/v2\/product\/5235\/revisions"}],"predecessor-version":[{"id":5240,"href":"https:\/\/www.tharita.fr\/fr\/wp-json\/wp\/v2\/product\/5235\/revisions\/5240"}],"wp:featuredmedia":[{"embeddable":true,"href":"https:\/\/www.tharita.fr\/fr\/wp-json\/wp\/v2\/media\/3908"}],"wp:attachment":[{"href":"https:\/\/www.tharita.fr\/fr\/wp-json\/wp\/v2\/media?parent=5235"}],"wp:term":[{"taxonomy":"product_brand","embeddable":true,"href":"https:\/\/www.tharita.fr\/fr\/wp-json\/wp\/v2\/product_brand?post=5235"},{"taxonomy":"product_cat","embeddable":true,"href":"https:\/\/www.tharita.fr\/fr\/wp-json\/wp\/v2\/product_cat?post=5235"},{"taxonomy":"product_tag","embeddable":true,"href":"https:\/\/www.tharita.fr\/fr\/wp-json\/wp\/v2\/product_tag?post=5235"}],"curies":[{"name":"wp","href":"https:\/\/api.w.org\/{rel}","templated":true}]}}