{"id":5259,"date":"2021-03-23T15:46:39","date_gmt":"2021-03-23T14:46:39","guid":{"rendered":"https:\/\/www.tharita.fr\/product\/pareo-hydra\/"},"modified":"2022-07-13T11:03:32","modified_gmt":"2022-07-13T09:03:32","slug":"pareo-hydra","status":"publish","type":"product","link":"https:\/\/www.tharita.fr\/fr\/produit\/pareo-hydra\/","title":{"rendered":"Par\u00e9o Hydra"},"content":{"rendered":"","protected":false},"excerpt":{"rendered":"<p>\u00c9DITION LIMIT\u00c9E :<\/p>\n<p>Le par\u00e9o &#8211; Hydra de la collection NEW AGE est la couverture parfaite pour le bas de votre corps avant et apr\u00e8s vos bons moments sur la plage.<\/p>\n<p>COMPOSITION :<\/p>\n<p>Tous les mat\u00e9riaux sont sp\u00e9cialement import\u00e9s d&rsquo;Italie.<\/p>\n<p>80% polyamide<br \/>\n20 % d&rsquo;\u00e9lasthanne<\/p>\n","protected":false},"featured_media":4338,"template":"","meta":[],"product_brand":[],"product_cat":[125],"product_tag":[149],"class_list":{"0":"post-5259","1":"product","2":"type-product","3":"status-publish","4":"has-post-thumbnail","6":"product_cat-nouvel-age","7":"product_tag-vetements-de-plage","9":"first","10":"instock","11":"shipping-taxable","12":"purchasable","13":"product-type-simple"},"_links":{"self":[{"href":"https:\/\/www.tharita.fr\/fr\/wp-json\/wp\/v2\/product\/5259","targetHints":{"allow":["GET"]}}],"collection":[{"href":"https:\/\/www.tharita.fr\/fr\/wp-json\/wp\/v2\/product"}],"about":[{"href":"https:\/\/www.tharita.fr\/fr\/wp-json\/wp\/v2\/types\/product"}],"version-history":[{"count":1,"href":"https:\/\/www.tharita.fr\/fr\/wp-json\/wp\/v2\/product\/5259\/revisions"}],"predecessor-version":[{"id":5264,"href":"https:\/\/www.tharita.fr\/fr\/wp-json\/wp\/v2\/product\/5259\/revisions\/5264"}],"wp:featuredmedia":[{"embeddable":true,"href":"https:\/\/www.tharita.fr\/fr\/wp-json\/wp\/v2\/media\/4338"}],"wp:attachment":[{"href":"https:\/\/www.tharita.fr\/fr\/wp-json\/wp\/v2\/media?parent=5259"}],"wp:term":[{"taxonomy":"product_brand","embeddable":true,"href":"https:\/\/www.tharita.fr\/fr\/wp-json\/wp\/v2\/product_brand?post=5259"},{"taxonomy":"product_cat","embeddable":true,"href":"https:\/\/www.tharita.fr\/fr\/wp-json\/wp\/v2\/product_cat?post=5259"},{"taxonomy":"product_tag","embeddable":true,"href":"https:\/\/www.tharita.fr\/fr\/wp-json\/wp\/v2\/product_tag?post=5259"}],"curies":[{"name":"wp","href":"https:\/\/api.w.org\/{rel}","templated":true}]}}