{"id":5261,"date":"2019-07-19T14:29:30","date_gmt":"2019-07-19T12:29:30","guid":{"rendered":"https:\/\/www.tharita.fr\/product\/luna-bleu-electrique\/"},"modified":"2022-07-13T11:03:33","modified_gmt":"2022-07-13T09:03:33","slug":"luna-bleu-electrique","status":"publish","type":"product","link":"https:\/\/www.tharita.fr\/fr\/produit\/luna-bleu-electrique\/","title":{"rendered":"Luna bleu \u00e9lectrique"},"content":{"rendered":"","protected":false},"excerpt":{"rendered":"<p>\u00c9DITION LIMIT\u00c9E !<\/p>\n<p>Un bikini bandeau a des bonnets suspendus et en mousse sans armature, ce style a des plis sur les c\u00f4t\u00e9s et sa fine bretelle peut \u00eatre nou\u00e9e autour du cou ou porter uniquement le bandeau. Ce bas taille haute met en valeur la taille et peut \u00eatre personnalis\u00e9 avec un bas r\u00e9versible.<\/p>\n<p>COMPOSITION :<\/p>\n<p>Tous les mat\u00e9riaux sont sp\u00e9cialement import\u00e9s d&rsquo;Italie.<\/p>\n<p>80% polyamide<br \/>\n20 % d&rsquo;\u00e9lasthanne<\/p>\n","protected":false},"featured_media":3792,"template":"","meta":[],"product_brand":[],"product_cat":[146],"product_tag":[129],"class_list":{"0":"post-5261","1":"product","2":"type-product","3":"status-publish","4":"has-post-thumbnail","6":"product_cat-en-promo","7":"product_tag-deux-pieces","9":"first","10":"instock","11":"sale","12":"shipping-taxable","13":"purchasable","14":"product-type-variable"},"_links":{"self":[{"href":"https:\/\/www.tharita.fr\/fr\/wp-json\/wp\/v2\/product\/5261","targetHints":{"allow":["GET"]}}],"collection":[{"href":"https:\/\/www.tharita.fr\/fr\/wp-json\/wp\/v2\/product"}],"about":[{"href":"https:\/\/www.tharita.fr\/fr\/wp-json\/wp\/v2\/types\/product"}],"version-history":[{"count":1,"href":"https:\/\/www.tharita.fr\/fr\/wp-json\/wp\/v2\/product\/5261\/revisions"}],"predecessor-version":[{"id":5269,"href":"https:\/\/www.tharita.fr\/fr\/wp-json\/wp\/v2\/product\/5261\/revisions\/5269"}],"wp:featuredmedia":[{"embeddable":true,"href":"https:\/\/www.tharita.fr\/fr\/wp-json\/wp\/v2\/media\/3792"}],"wp:attachment":[{"href":"https:\/\/www.tharita.fr\/fr\/wp-json\/wp\/v2\/media?parent=5261"}],"wp:term":[{"taxonomy":"product_brand","embeddable":true,"href":"https:\/\/www.tharita.fr\/fr\/wp-json\/wp\/v2\/product_brand?post=5261"},{"taxonomy":"product_cat","embeddable":true,"href":"https:\/\/www.tharita.fr\/fr\/wp-json\/wp\/v2\/product_cat?post=5261"},{"taxonomy":"product_tag","embeddable":true,"href":"https:\/\/www.tharita.fr\/fr\/wp-json\/wp\/v2\/product_tag?post=5261"}],"curies":[{"name":"wp","href":"https:\/\/api.w.org\/{rel}","templated":true}]}}