{"id":5281,"date":"2021-03-23T16:25:01","date_gmt":"2021-03-23T15:25:01","guid":{"rendered":"https:\/\/www.tharita.fr\/product\/aphrodite\/"},"modified":"2022-07-13T11:03:36","modified_gmt":"2022-07-13T09:03:36","slug":"aphrodite","status":"publish","type":"product","link":"https:\/\/www.tharita.fr\/fr\/produit\/aphrodite\/","title":{"rendered":"Aphrodite"},"content":{"rendered":"","protected":false},"excerpt":{"rendered":"<p>\u00c9DITION LIMIT\u00c9E !<\/p>\n<p>Ce maillot de bain sophistiqu\u00e9 est inspir\u00e9 des ann\u00e9es 70. Il est dot\u00e9 de bretelles d\u00e9tachables qui peuvent \u00eatre enroul\u00e9es autour du cou ou port\u00e9es sans bretelles avec un n\u0153ud sur le buste qui rehausse le look et vous rendra \u00e9blouissante cet \u00e9t\u00e9.<\/p>\n<p>COMPOSITION :<\/p>\n<p>Tous les mat\u00e9riaux sont sp\u00e9cialement import\u00e9s d&rsquo;Italie.<\/p>\n<p>80% polyamide<br \/>\n20 % d&rsquo;\u00e9lasthanne<\/p>\n","protected":false},"featured_media":4402,"template":"","meta":[],"product_brand":[],"product_cat":[125],"product_tag":[130],"class_list":{"0":"post-5281","1":"product","2":"type-product","3":"status-publish","4":"has-post-thumbnail","6":"product_cat-nouvel-age","7":"product_tag-une-piece","9":"first","10":"instock","11":"shipping-taxable","12":"purchasable","13":"product-type-simple"},"_links":{"self":[{"href":"https:\/\/www.tharita.fr\/fr\/wp-json\/wp\/v2\/product\/5281","targetHints":{"allow":["GET"]}}],"collection":[{"href":"https:\/\/www.tharita.fr\/fr\/wp-json\/wp\/v2\/product"}],"about":[{"href":"https:\/\/www.tharita.fr\/fr\/wp-json\/wp\/v2\/types\/product"}],"version-history":[{"count":1,"href":"https:\/\/www.tharita.fr\/fr\/wp-json\/wp\/v2\/product\/5281\/revisions"}],"predecessor-version":[{"id":5286,"href":"https:\/\/www.tharita.fr\/fr\/wp-json\/wp\/v2\/product\/5281\/revisions\/5286"}],"wp:featuredmedia":[{"embeddable":true,"href":"https:\/\/www.tharita.fr\/fr\/wp-json\/wp\/v2\/media\/4402"}],"wp:attachment":[{"href":"https:\/\/www.tharita.fr\/fr\/wp-json\/wp\/v2\/media?parent=5281"}],"wp:term":[{"taxonomy":"product_brand","embeddable":true,"href":"https:\/\/www.tharita.fr\/fr\/wp-json\/wp\/v2\/product_brand?post=5281"},{"taxonomy":"product_cat","embeddable":true,"href":"https:\/\/www.tharita.fr\/fr\/wp-json\/wp\/v2\/product_cat?post=5281"},{"taxonomy":"product_tag","embeddable":true,"href":"https:\/\/www.tharita.fr\/fr\/wp-json\/wp\/v2\/product_tag?post=5281"}],"curies":[{"name":"wp","href":"https:\/\/api.w.org\/{rel}","templated":true}]}}