{"id":5305,"date":"2020-06-15T16:25:21","date_gmt":"2020-06-15T14:25:21","guid":{"rendered":"https:\/\/www.tharita.fr\/product\/luna-rouge-et-noir\/"},"modified":"2022-07-13T11:15:53","modified_gmt":"2022-07-13T09:15:53","slug":"luna-rouge-et-noir","status":"publish","type":"product","link":"https:\/\/www.tharita.fr\/fr\/produit\/luna-rouge-et-noir\/","title":{"rendered":"Luna rouge et noir"},"content":{"rendered":"","protected":false},"excerpt":{"rendered":"<p>&nbsp;<\/p>\n<p>\u00c9DITION LIMIT\u00c9E !<\/p>\n<p>Ce bikini bandeau sans armatures a des bonnets suspendus et en mousse, ce style a des plis sur les c\u00f4t\u00e9s et sa fine bretelle peut \u00eatre nou\u00e9e autour du cou ou peut \u00eatre port\u00e9e uniquement comme un bandeau. Ce bas r\u00e9versible \u00e0 taille haute met en valeur la taille et peut \u00eatre personnalis\u00e9.<\/p>\n<p>&nbsp;<\/p>\n<p>&nbsp;<\/p>\n<p>COMPOSITION :<\/p>\n<p>&nbsp;<\/p>\n<p>Tous les mat\u00e9riaux sont sp\u00e9cialement import\u00e9s d&rsquo;Italie.<\/p>\n<p>&nbsp;<\/p>\n<p>80% polyamide<\/p>\n<p>20 % d&rsquo;\u00e9lasthanne<\/p>\n","protected":false},"featured_media":4360,"template":"","meta":[],"product_brand":[],"product_cat":[125],"product_tag":[129],"class_list":{"0":"post-5305","1":"product","2":"type-product","3":"status-publish","4":"has-post-thumbnail","6":"product_cat-nouvel-age","7":"product_tag-deux-pieces","9":"first","10":"instock","11":"shipping-taxable","12":"purchasable","13":"product-type-simple"},"_links":{"self":[{"href":"https:\/\/www.tharita.fr\/fr\/wp-json\/wp\/v2\/product\/5305","targetHints":{"allow":["GET"]}}],"collection":[{"href":"https:\/\/www.tharita.fr\/fr\/wp-json\/wp\/v2\/product"}],"about":[{"href":"https:\/\/www.tharita.fr\/fr\/wp-json\/wp\/v2\/types\/product"}],"version-history":[{"count":1,"href":"https:\/\/www.tharita.fr\/fr\/wp-json\/wp\/v2\/product\/5305\/revisions"}],"predecessor-version":[{"id":5316,"href":"https:\/\/www.tharita.fr\/fr\/wp-json\/wp\/v2\/product\/5305\/revisions\/5316"}],"wp:featuredmedia":[{"embeddable":true,"href":"https:\/\/www.tharita.fr\/fr\/wp-json\/wp\/v2\/media\/4360"}],"wp:attachment":[{"href":"https:\/\/www.tharita.fr\/fr\/wp-json\/wp\/v2\/media?parent=5305"}],"wp:term":[{"taxonomy":"product_brand","embeddable":true,"href":"https:\/\/www.tharita.fr\/fr\/wp-json\/wp\/v2\/product_brand?post=5305"},{"taxonomy":"product_cat","embeddable":true,"href":"https:\/\/www.tharita.fr\/fr\/wp-json\/wp\/v2\/product_cat?post=5305"},{"taxonomy":"product_tag","embeddable":true,"href":"https:\/\/www.tharita.fr\/fr\/wp-json\/wp\/v2\/product_tag?post=5305"}],"curies":[{"name":"wp","href":"https:\/\/api.w.org\/{rel}","templated":true}]}}