{"id":5308,"date":"2022-05-30T17:22:15","date_gmt":"2022-05-30T15:22:15","guid":{"rendered":"https:\/\/www.tharita.fr\/product\/musica-green\/"},"modified":"2026-05-15T16:43:32","modified_gmt":"2026-05-15T14:43:32","slug":"musica-green","status":"publish","type":"product","link":"https:\/\/www.tharita.fr\/fr\/produit\/musica-green\/","title":{"rendered":"Une pi\u00e8ce sophistiqu\u00e9e &#8211; Musica"},"content":{"rendered":"","protected":false},"excerpt":{"rendered":"<p>Maillot de bain une pi\u00e8ce tr\u00e8s \u00e9l\u00e9gant, d\u00e9collet\u00e9 en V et lac\u00e9 sur le devant avec de larges bretelles droites dans le dos<\/p>\n<p>&nbsp;<\/p>\n<p>&nbsp;<\/p>\n","protected":false},"featured_media":4592,"template":"","meta":[],"product_brand":[],"product_cat":[257,164],"product_tag":[234],"class_list":{"0":"post-5308","1":"product","2":"type-product","3":"status-publish","4":"has-post-thumbnail","6":"product_cat-collection-capsule-fr","7":"product_cat-tropicalia-fr","8":"product_tag-one-piece-fr","10":"first","11":"instock","12":"shipping-taxable","13":"purchasable","14":"product-type-variable","15":"has-default-attributes"},"_links":{"self":[{"href":"https:\/\/www.tharita.fr\/fr\/wp-json\/wp\/v2\/product\/5308","targetHints":{"allow":["GET"]}}],"collection":[{"href":"https:\/\/www.tharita.fr\/fr\/wp-json\/wp\/v2\/product"}],"about":[{"href":"https:\/\/www.tharita.fr\/fr\/wp-json\/wp\/v2\/types\/product"}],"version-history":[{"count":2,"href":"https:\/\/www.tharita.fr\/fr\/wp-json\/wp\/v2\/product\/5308\/revisions"}],"predecessor-version":[{"id":6296,"href":"https:\/\/www.tharita.fr\/fr\/wp-json\/wp\/v2\/product\/5308\/revisions\/6296"}],"wp:featuredmedia":[{"embeddable":true,"href":"https:\/\/www.tharita.fr\/fr\/wp-json\/wp\/v2\/media\/4592"}],"wp:attachment":[{"href":"https:\/\/www.tharita.fr\/fr\/wp-json\/wp\/v2\/media?parent=5308"}],"wp:term":[{"taxonomy":"product_brand","embeddable":true,"href":"https:\/\/www.tharita.fr\/fr\/wp-json\/wp\/v2\/product_brand?post=5308"},{"taxonomy":"product_cat","embeddable":true,"href":"https:\/\/www.tharita.fr\/fr\/wp-json\/wp\/v2\/product_cat?post=5308"},{"taxonomy":"product_tag","embeddable":true,"href":"https:\/\/www.tharita.fr\/fr\/wp-json\/wp\/v2\/product_tag?post=5308"}],"curies":[{"name":"wp","href":"https:\/\/api.w.org\/{rel}","templated":true}]}}