{"id":5340,"date":"2022-05-30T17:05:57","date_gmt":"2022-05-30T15:05:57","guid":{"rendered":"https:\/\/www.tharita.fr\/product\/alegria-or\/"},"modified":"2024-06-13T11:43:45","modified_gmt":"2024-06-13T09:43:45","slug":"alegria-or","status":"publish","type":"product","link":"https:\/\/www.tharita.fr\/fr\/produit\/alegria-or\/","title":{"rendered":"Une pi\u00e8ce \u00e0 une \u00e9paule &#8211; Alegria"},"content":{"rendered":"","protected":false},"excerpt":{"rendered":"<p>Ce maillot de bain une pi\u00e8ce sophistiqu\u00e9, dot\u00e9 d&rsquo;une bretelle drap\u00e9e sur la poitrine et d&rsquo;une armature sur le c\u00f4t\u00e9, offre un soutien et est confortable.<\/p>\n<p>&nbsp;<\/p>\n<p>&nbsp;<\/p>\n","protected":false},"featured_media":4578,"template":"","meta":[],"product_brand":[],"product_cat":[257],"product_tag":[234],"class_list":{"0":"post-5340","1":"product","2":"type-product","3":"status-publish","4":"has-post-thumbnail","6":"product_cat-collection-capsule-fr","7":"product_tag-one-piece-fr","9":"first","10":"instock","11":"shipping-taxable","12":"purchasable","13":"product-type-variable","14":"has-default-attributes"},"_links":{"self":[{"href":"https:\/\/www.tharita.fr\/fr\/wp-json\/wp\/v2\/product\/5340","targetHints":{"allow":["GET"]}}],"collection":[{"href":"https:\/\/www.tharita.fr\/fr\/wp-json\/wp\/v2\/product"}],"about":[{"href":"https:\/\/www.tharita.fr\/fr\/wp-json\/wp\/v2\/types\/product"}],"version-history":[{"count":2,"href":"https:\/\/www.tharita.fr\/fr\/wp-json\/wp\/v2\/product\/5340\/revisions"}],"predecessor-version":[{"id":6281,"href":"https:\/\/www.tharita.fr\/fr\/wp-json\/wp\/v2\/product\/5340\/revisions\/6281"}],"wp:featuredmedia":[{"embeddable":true,"href":"https:\/\/www.tharita.fr\/fr\/wp-json\/wp\/v2\/media\/4578"}],"wp:attachment":[{"href":"https:\/\/www.tharita.fr\/fr\/wp-json\/wp\/v2\/media?parent=5340"}],"wp:term":[{"taxonomy":"product_brand","embeddable":true,"href":"https:\/\/www.tharita.fr\/fr\/wp-json\/wp\/v2\/product_brand?post=5340"},{"taxonomy":"product_cat","embeddable":true,"href":"https:\/\/www.tharita.fr\/fr\/wp-json\/wp\/v2\/product_cat?post=5340"},{"taxonomy":"product_tag","embeddable":true,"href":"https:\/\/www.tharita.fr\/fr\/wp-json\/wp\/v2\/product_tag?post=5340"}],"curies":[{"name":"wp","href":"https:\/\/api.w.org\/{rel}","templated":true}]}}