{"id":5354,"date":"2020-06-15T16:43:49","date_gmt":"2020-06-15T14:43:49","guid":{"rendered":"https:\/\/www.tharita.fr\/product\/robe-aquila\/"},"modified":"2022-07-13T11:15:57","modified_gmt":"2022-07-13T09:15:57","slug":"robe-aquila","status":"publish","type":"product","link":"https:\/\/www.tharita.fr\/fr\/produit\/robe-aquila\/","title":{"rendered":"Robe Aquila"},"content":{"rendered":"","protected":false},"excerpt":{"rendered":"<p>\u00c9DITION LIMIT\u00c9E !<\/p>\n<p>Cette robe glamour, destin\u00e9e aux femmes d&rsquo;aujourd&rsquo;hui, est faite d&rsquo;une mati\u00e8re transparente avec un d\u00e9collet\u00e9 en forme de \u00ab\u00a0V\u00a0\u00bb et un dos crois\u00e9. Il est facile \u00e0 enfiler avant et apr\u00e8s vos bons moments sur la plage.<\/p>\n<p>COMPOSITION :<\/p>\n<p>Tous les mat\u00e9riaux sont import\u00e9s d&rsquo;Italie et sont fabriqu\u00e9s en France.<\/p>\n<p>80% polyamide<br \/>\n20 % d&rsquo;\u00e9lasthanne<\/p>\n","protected":false},"featured_media":4366,"template":"","meta":[],"product_brand":[],"product_cat":[125],"product_tag":[149],"class_list":{"0":"post-5354","1":"product","2":"type-product","3":"status-publish","4":"has-post-thumbnail","6":"product_cat-nouvel-age","7":"product_tag-vetements-de-plage","9":"first","10":"instock","11":"shipping-taxable","12":"purchasable","13":"product-type-simple"},"_links":{"self":[{"href":"https:\/\/www.tharita.fr\/fr\/wp-json\/wp\/v2\/product\/5354","targetHints":{"allow":["GET"]}}],"collection":[{"href":"https:\/\/www.tharita.fr\/fr\/wp-json\/wp\/v2\/product"}],"about":[{"href":"https:\/\/www.tharita.fr\/fr\/wp-json\/wp\/v2\/types\/product"}],"version-history":[{"count":1,"href":"https:\/\/www.tharita.fr\/fr\/wp-json\/wp\/v2\/product\/5354\/revisions"}],"predecessor-version":[{"id":5362,"href":"https:\/\/www.tharita.fr\/fr\/wp-json\/wp\/v2\/product\/5354\/revisions\/5362"}],"wp:featuredmedia":[{"embeddable":true,"href":"https:\/\/www.tharita.fr\/fr\/wp-json\/wp\/v2\/media\/4366"}],"wp:attachment":[{"href":"https:\/\/www.tharita.fr\/fr\/wp-json\/wp\/v2\/media?parent=5354"}],"wp:term":[{"taxonomy":"product_brand","embeddable":true,"href":"https:\/\/www.tharita.fr\/fr\/wp-json\/wp\/v2\/product_brand?post=5354"},{"taxonomy":"product_cat","embeddable":true,"href":"https:\/\/www.tharita.fr\/fr\/wp-json\/wp\/v2\/product_cat?post=5354"},{"taxonomy":"product_tag","embeddable":true,"href":"https:\/\/www.tharita.fr\/fr\/wp-json\/wp\/v2\/product_tag?post=5354"}],"curies":[{"name":"wp","href":"https:\/\/api.w.org\/{rel}","templated":true}]}}