{"id":5385,"date":"2022-05-30T16:39:33","date_gmt":"2022-05-30T14:39:33","guid":{"rendered":"https:\/\/www.tharita.fr\/product\/alegria-bleu-marine\/"},"modified":"2024-06-13T11:43:40","modified_gmt":"2024-06-13T09:43:40","slug":"alegria-navy-blue","status":"publish","type":"product","link":"https:\/\/www.tharita.fr\/fr\/produit\/alegria-navy-blue\/","title":{"rendered":"Une pi\u00e8ce \u00e0 une \u00e9paule &#8211; Alegria"},"content":{"rendered":"","protected":false},"excerpt":{"rendered":"<p>Ce maillot de bain une pi\u00e8ce sophistiqu\u00e9, dot\u00e9 d&rsquo;une bretelle drap\u00e9e sur la poitrine et d&rsquo;une armature sur le c\u00f4t\u00e9, offre un soutien et est confortable.<\/p>\n<p>&nbsp;<\/p>\n","protected":false},"featured_media":4570,"template":"","meta":[],"product_brand":[],"product_cat":[224,257],"product_tag":[234],"class_list":{"0":"post-5385","1":"product","2":"type-product","3":"status-publish","4":"has-post-thumbnail","6":"product_cat-collection-les-annees-folles-fr","7":"product_cat-collection-capsule-fr","8":"product_tag-one-piece-fr","10":"first","11":"instock","12":"shipping-taxable","13":"purchasable","14":"product-type-variable","15":"has-default-attributes"},"_links":{"self":[{"href":"https:\/\/www.tharita.fr\/fr\/wp-json\/wp\/v2\/product\/5385","targetHints":{"allow":["GET"]}}],"collection":[{"href":"https:\/\/www.tharita.fr\/fr\/wp-json\/wp\/v2\/product"}],"about":[{"href":"https:\/\/www.tharita.fr\/fr\/wp-json\/wp\/v2\/types\/product"}],"version-history":[{"count":2,"href":"https:\/\/www.tharita.fr\/fr\/wp-json\/wp\/v2\/product\/5385\/revisions"}],"predecessor-version":[{"id":6284,"href":"https:\/\/www.tharita.fr\/fr\/wp-json\/wp\/v2\/product\/5385\/revisions\/6284"}],"wp:featuredmedia":[{"embeddable":true,"href":"https:\/\/www.tharita.fr\/fr\/wp-json\/wp\/v2\/media\/4570"}],"wp:attachment":[{"href":"https:\/\/www.tharita.fr\/fr\/wp-json\/wp\/v2\/media?parent=5385"}],"wp:term":[{"taxonomy":"product_brand","embeddable":true,"href":"https:\/\/www.tharita.fr\/fr\/wp-json\/wp\/v2\/product_brand?post=5385"},{"taxonomy":"product_cat","embeddable":true,"href":"https:\/\/www.tharita.fr\/fr\/wp-json\/wp\/v2\/product_cat?post=5385"},{"taxonomy":"product_tag","embeddable":true,"href":"https:\/\/www.tharita.fr\/fr\/wp-json\/wp\/v2\/product_tag?post=5385"}],"curies":[{"name":"wp","href":"https:\/\/api.w.org\/{rel}","templated":true}]}}