{"id":5439,"date":"2022-05-30T16:55:28","date_gmt":"2022-05-30T14:55:28","guid":{"rendered":"https:\/\/www.tharita.fr\/product\/alegria-vert\/"},"modified":"2026-05-15T16:43:32","modified_gmt":"2026-05-15T14:43:32","slug":"alegria-vert","status":"publish","type":"product","link":"https:\/\/www.tharita.fr\/fr\/produit\/alegria-vert\/","title":{"rendered":"Une pi\u00e8ce \u00e0 une \u00e9paule &#8211; Alegria"},"content":{"rendered":"","protected":false},"excerpt":{"rendered":"<p>Ce maillot de bain une pi\u00e8ce sophistiqu\u00e9, dot\u00e9 d&rsquo;une bretelle drap\u00e9e sur la poitrine et d&rsquo;une armature sur le c\u00f4t\u00e9, offre un soutien et est confortable.<\/p>\n","protected":false},"featured_media":4576,"template":"","meta":[],"product_brand":[],"product_cat":[257],"product_tag":[234],"class_list":{"0":"post-5439","1":"product","2":"type-product","3":"status-publish","4":"has-post-thumbnail","6":"product_cat-collection-capsule-fr","7":"product_tag-one-piece-fr","9":"first","10":"instock","11":"shipping-taxable","12":"purchasable","13":"product-type-variable","14":"has-default-attributes"},"_links":{"self":[{"href":"https:\/\/www.tharita.fr\/fr\/wp-json\/wp\/v2\/product\/5439","targetHints":{"allow":["GET"]}}],"collection":[{"href":"https:\/\/www.tharita.fr\/fr\/wp-json\/wp\/v2\/product"}],"about":[{"href":"https:\/\/www.tharita.fr\/fr\/wp-json\/wp\/v2\/types\/product"}],"version-history":[{"count":2,"href":"https:\/\/www.tharita.fr\/fr\/wp-json\/wp\/v2\/product\/5439\/revisions"}],"predecessor-version":[{"id":6291,"href":"https:\/\/www.tharita.fr\/fr\/wp-json\/wp\/v2\/product\/5439\/revisions\/6291"}],"wp:featuredmedia":[{"embeddable":true,"href":"https:\/\/www.tharita.fr\/fr\/wp-json\/wp\/v2\/media\/4576"}],"wp:attachment":[{"href":"https:\/\/www.tharita.fr\/fr\/wp-json\/wp\/v2\/media?parent=5439"}],"wp:term":[{"taxonomy":"product_brand","embeddable":true,"href":"https:\/\/www.tharita.fr\/fr\/wp-json\/wp\/v2\/product_brand?post=5439"},{"taxonomy":"product_cat","embeddable":true,"href":"https:\/\/www.tharita.fr\/fr\/wp-json\/wp\/v2\/product_cat?post=5439"},{"taxonomy":"product_tag","embeddable":true,"href":"https:\/\/www.tharita.fr\/fr\/wp-json\/wp\/v2\/product_tag?post=5439"}],"curies":[{"name":"wp","href":"https:\/\/api.w.org\/{rel}","templated":true}]}}