{"id":5453,"date":"2022-06-03T11:17:15","date_gmt":"2022-06-03T09:17:15","guid":{"rendered":"https:\/\/www.tharita.fr\/product\/bleu-marine-carioca\/"},"modified":"2024-06-13T11:43:14","modified_gmt":"2024-06-13T09:43:14","slug":"carioca-marine-bleu","status":"publish","type":"product","link":"https:\/\/www.tharita.fr\/fr\/produit\/carioca-marine-bleu\/","title":{"rendered":"Une pi\u00e8ce sophistiqu\u00e9e &#8211; Carioca"},"content":{"rendered":"","protected":false},"excerpt":{"rendered":"<p>Maillot de bain une pi\u00e8ce. Forme bandeau avec bonnets rembourr\u00e9s pour un bon maintien de la poitrine. Sangle r\u00e9glable avec un n\u0153ud<\/p>\n<p>\u00c9DITION LIMIT\u00c9E EN PR\u00c9COMMANDE.<\/p>\n<p><strong>LIVRAISON SOUS 2 SEMAINES MINIMUM<\/strong><\/p>\n","protected":false},"featured_media":4652,"template":"","meta":[],"product_brand":[],"product_cat":[257],"product_tag":[],"class_list":{"0":"post-5453","1":"product","2":"type-product","3":"status-publish","4":"has-post-thumbnail","6":"product_cat-collection-capsule-fr","8":"first","9":"instock","10":"shipping-taxable","11":"purchasable","12":"product-type-variable","13":"has-default-attributes"},"_links":{"self":[{"href":"https:\/\/www.tharita.fr\/fr\/wp-json\/wp\/v2\/product\/5453","targetHints":{"allow":["GET"]}}],"collection":[{"href":"https:\/\/www.tharita.fr\/fr\/wp-json\/wp\/v2\/product"}],"about":[{"href":"https:\/\/www.tharita.fr\/fr\/wp-json\/wp\/v2\/types\/product"}],"version-history":[{"count":2,"href":"https:\/\/www.tharita.fr\/fr\/wp-json\/wp\/v2\/product\/5453\/revisions"}],"predecessor-version":[{"id":6238,"href":"https:\/\/www.tharita.fr\/fr\/wp-json\/wp\/v2\/product\/5453\/revisions\/6238"}],"wp:featuredmedia":[{"embeddable":true,"href":"https:\/\/www.tharita.fr\/fr\/wp-json\/wp\/v2\/media\/4652"}],"wp:attachment":[{"href":"https:\/\/www.tharita.fr\/fr\/wp-json\/wp\/v2\/media?parent=5453"}],"wp:term":[{"taxonomy":"product_brand","embeddable":true,"href":"https:\/\/www.tharita.fr\/fr\/wp-json\/wp\/v2\/product_brand?post=5453"},{"taxonomy":"product_cat","embeddable":true,"href":"https:\/\/www.tharita.fr\/fr\/wp-json\/wp\/v2\/product_cat?post=5453"},{"taxonomy":"product_tag","embeddable":true,"href":"https:\/\/www.tharita.fr\/fr\/wp-json\/wp\/v2\/product_tag?post=5453"}],"curies":[{"name":"wp","href":"https:\/\/api.w.org\/{rel}","templated":true}]}}