{"id":5475,"date":"2019-07-19T14:29:13","date_gmt":"2019-07-19T12:29:13","guid":{"rendered":"https:\/\/www.tharita.fr\/product\/bamba-argent\/"},"modified":"2024-06-13T11:21:05","modified_gmt":"2024-06-13T09:21:05","slug":"bamba-argent","status":"publish","type":"product","link":"https:\/\/www.tharita.fr\/fr\/produit\/bamba-argent\/","title":{"rendered":"Bamba argent"},"content":{"rendered":"","protected":false},"excerpt":{"rendered":"<p>\u00c9DITION LIMIT\u00c9E !<\/p>\n<p>Ce deux-pi\u00e8ces bustier est dot\u00e9 d&rsquo;une frange r\u00e9versible de 2 cm juste devant, tandis que le dos est uni, ce qui permet de faire facilement le noeud. Le slip est simple et sans frange.<\/p>\n<p>&nbsp;<\/p>\n<p>COMPOSITION :<\/p>\n<p>Tous les mat\u00e9riaux sont sp\u00e9cialement import\u00e9s d&rsquo;Italie.<\/p>\n<p>80% polyamide<br \/>\n20 % d&rsquo;\u00e9lasthanne<\/p>\n","protected":false},"featured_media":3604,"template":"","meta":[],"product_brand":[],"product_cat":[224],"product_tag":[200],"class_list":{"0":"post-5475","1":"product","2":"type-product","3":"status-publish","4":"has-post-thumbnail","6":"product_cat-collection-les-annees-folles-fr","7":"product_tag-deux-pieces-4","9":"first","10":"instock","11":"shipping-taxable","12":"purchasable","13":"product-type-variable","14":"has-default-attributes"},"_links":{"self":[{"href":"https:\/\/www.tharita.fr\/fr\/wp-json\/wp\/v2\/product\/5475","targetHints":{"allow":["GET"]}}],"collection":[{"href":"https:\/\/www.tharita.fr\/fr\/wp-json\/wp\/v2\/product"}],"about":[{"href":"https:\/\/www.tharita.fr\/fr\/wp-json\/wp\/v2\/types\/product"}],"version-history":[{"count":1,"href":"https:\/\/www.tharita.fr\/fr\/wp-json\/wp\/v2\/product\/5475\/revisions"}],"predecessor-version":[{"id":5640,"href":"https:\/\/www.tharita.fr\/fr\/wp-json\/wp\/v2\/product\/5475\/revisions\/5640"}],"wp:featuredmedia":[{"embeddable":true,"href":"https:\/\/www.tharita.fr\/fr\/wp-json\/wp\/v2\/media\/3604"}],"wp:attachment":[{"href":"https:\/\/www.tharita.fr\/fr\/wp-json\/wp\/v2\/media?parent=5475"}],"wp:term":[{"taxonomy":"product_brand","embeddable":true,"href":"https:\/\/www.tharita.fr\/fr\/wp-json\/wp\/v2\/product_brand?post=5475"},{"taxonomy":"product_cat","embeddable":true,"href":"https:\/\/www.tharita.fr\/fr\/wp-json\/wp\/v2\/product_cat?post=5475"},{"taxonomy":"product_tag","embeddable":true,"href":"https:\/\/www.tharita.fr\/fr\/wp-json\/wp\/v2\/product_tag?post=5475"}],"curies":[{"name":"wp","href":"https:\/\/api.w.org\/{rel}","templated":true}]}}