{"id":5491,"date":"2022-06-02T16:42:15","date_gmt":"2022-06-02T14:42:15","guid":{"rendered":"https:\/\/www.tharita.fr\/product\/amor-bleu-marine-or\/"},"modified":"2024-06-13T11:43:06","modified_gmt":"2024-06-13T09:43:06","slug":"amor-navy-blue-or","status":"publish","type":"product","link":"https:\/\/www.tharita.fr\/fr\/produit\/amor-navy-blue-or\/","title":{"rendered":"Une pi\u00e8ce sophistiqu\u00e9e &#8211; Amor"},"content":{"rendered":"","protected":false},"excerpt":{"rendered":"<p>Maillot de bain une pi\u00e8ce. Large bandeau nou\u00e9 sur le devant, lani\u00e8re unique amovible<\/p>\n<p>\u00c9DITION LIMIT\u00c9E EN PR\u00c9COMMANDE.<\/p>\n<p><strong>LIVRAISON SOUS 2 SEMAINES MINIMUM<\/strong><\/p>\n","protected":false},"featured_media":4628,"template":"","meta":[],"product_brand":[],"product_cat":[257],"product_tag":[234],"class_list":{"0":"post-5491","1":"product","2":"type-product","3":"status-publish","4":"has-post-thumbnail","6":"product_cat-collection-capsule-fr","7":"product_tag-one-piece-fr","9":"first","10":"instock","11":"shipping-taxable","12":"purchasable","13":"product-type-variable","14":"has-default-attributes"},"_links":{"self":[{"href":"https:\/\/www.tharita.fr\/fr\/wp-json\/wp\/v2\/product\/5491","targetHints":{"allow":["GET"]}}],"collection":[{"href":"https:\/\/www.tharita.fr\/fr\/wp-json\/wp\/v2\/product"}],"about":[{"href":"https:\/\/www.tharita.fr\/fr\/wp-json\/wp\/v2\/types\/product"}],"version-history":[{"count":2,"href":"https:\/\/www.tharita.fr\/fr\/wp-json\/wp\/v2\/product\/5491\/revisions"}],"predecessor-version":[{"id":6252,"href":"https:\/\/www.tharita.fr\/fr\/wp-json\/wp\/v2\/product\/5491\/revisions\/6252"}],"wp:featuredmedia":[{"embeddable":true,"href":"https:\/\/www.tharita.fr\/fr\/wp-json\/wp\/v2\/media\/4628"}],"wp:attachment":[{"href":"https:\/\/www.tharita.fr\/fr\/wp-json\/wp\/v2\/media?parent=5491"}],"wp:term":[{"taxonomy":"product_brand","embeddable":true,"href":"https:\/\/www.tharita.fr\/fr\/wp-json\/wp\/v2\/product_brand?post=5491"},{"taxonomy":"product_cat","embeddable":true,"href":"https:\/\/www.tharita.fr\/fr\/wp-json\/wp\/v2\/product_cat?post=5491"},{"taxonomy":"product_tag","embeddable":true,"href":"https:\/\/www.tharita.fr\/fr\/wp-json\/wp\/v2\/product_tag?post=5491"}],"curies":[{"name":"wp","href":"https:\/\/api.w.org\/{rel}","templated":true}]}}