{"id":5527,"date":"2022-06-03T11:39:29","date_gmt":"2022-06-03T09:39:29","guid":{"rendered":"https:\/\/www.tharita.fr\/product\/vert-tropical\/"},"modified":"2024-06-13T11:43:35","modified_gmt":"2024-06-13T09:43:35","slug":"vert-tropical","status":"publish","type":"product","link":"https:\/\/www.tharita.fr\/fr\/produit\/vert-tropical\/","title":{"rendered":"Une pi\u00e8ce sophistiqu\u00e9e &#8211; Tropical"},"content":{"rendered":"","protected":false},"excerpt":{"rendered":"<p>Maillot de bain une pi\u00e8ce crois\u00e9 sur le devant avec d\u00e9collet\u00e9 ouvert sur la poitrine, large bretelle, fermoir dans le cou.<\/p>\n<p>\u00c9DITION LIMIT\u00c9E EN PR\u00c9COMMANDE.<\/p>\n<p><strong>LIVRAISON SOUS 2 SEMAINES MINIMUM<\/strong><\/p>\n","protected":false},"featured_media":4686,"template":"","meta":[],"product_brand":[],"product_cat":[257],"product_tag":[234],"class_list":{"0":"post-5527","1":"product","2":"type-product","3":"status-publish","4":"has-post-thumbnail","6":"product_cat-collection-capsule-fr","7":"product_tag-one-piece-fr","9":"first","10":"instock","11":"shipping-taxable","12":"purchasable","13":"product-type-variable","14":"has-default-attributes"},"_links":{"self":[{"href":"https:\/\/www.tharita.fr\/fr\/wp-json\/wp\/v2\/product\/5527","targetHints":{"allow":["GET"]}}],"collection":[{"href":"https:\/\/www.tharita.fr\/fr\/wp-json\/wp\/v2\/product"}],"about":[{"href":"https:\/\/www.tharita.fr\/fr\/wp-json\/wp\/v2\/types\/product"}],"version-history":[{"count":2,"href":"https:\/\/www.tharita.fr\/fr\/wp-json\/wp\/v2\/product\/5527\/revisions"}],"predecessor-version":[{"id":6220,"href":"https:\/\/www.tharita.fr\/fr\/wp-json\/wp\/v2\/product\/5527\/revisions\/6220"}],"wp:featuredmedia":[{"embeddable":true,"href":"https:\/\/www.tharita.fr\/fr\/wp-json\/wp\/v2\/media\/4686"}],"wp:attachment":[{"href":"https:\/\/www.tharita.fr\/fr\/wp-json\/wp\/v2\/media?parent=5527"}],"wp:term":[{"taxonomy":"product_brand","embeddable":true,"href":"https:\/\/www.tharita.fr\/fr\/wp-json\/wp\/v2\/product_brand?post=5527"},{"taxonomy":"product_cat","embeddable":true,"href":"https:\/\/www.tharita.fr\/fr\/wp-json\/wp\/v2\/product_cat?post=5527"},{"taxonomy":"product_tag","embeddable":true,"href":"https:\/\/www.tharita.fr\/fr\/wp-json\/wp\/v2\/product_tag?post=5527"}],"curies":[{"name":"wp","href":"https:\/\/api.w.org\/{rel}","templated":true}]}}