{"id":5530,"date":"2022-06-02T17:35:09","date_gmt":"2022-06-02T15:35:09","guid":{"rendered":"https:\/\/www.tharita.fr\/product\/corpo-vert\/"},"modified":"2026-05-15T16:43:32","modified_gmt":"2026-05-15T14:43:32","slug":"corpo-vert","status":"publish","type":"product","link":"https:\/\/www.tharita.fr\/fr\/produit\/corpo-vert\/","title":{"rendered":"Une pi\u00e8ce sophistiqu\u00e9e &#8211; Corpo"},"content":{"rendered":"","protected":false},"excerpt":{"rendered":"<p>Ce maillot de bain une pi\u00e8ce sophistiqu\u00e9 est dot\u00e9 d&rsquo;une encolure dos nu avec un d\u00e9collet\u00e9 en c\u0153ur, les bretelles sont \u00e0 nouer autour du cou et les coutures fronc\u00e9es saillantes sur la poitrine donnent un look \u00e9l\u00e9gant tout en assurant un maintien parfait de la poitrine.<\/p>\n","protected":false},"featured_media":4648,"template":"","meta":[],"product_brand":[],"product_cat":[257],"product_tag":[234],"class_list":{"0":"post-5530","1":"product","2":"type-product","3":"status-publish","4":"has-post-thumbnail","6":"product_cat-collection-capsule-fr","7":"product_tag-one-piece-fr","9":"first","10":"instock","11":"shipping-taxable","12":"purchasable","13":"product-type-variable","14":"has-default-attributes"},"_links":{"self":[{"href":"https:\/\/www.tharita.fr\/fr\/wp-json\/wp\/v2\/product\/5530","targetHints":{"allow":["GET"]}}],"collection":[{"href":"https:\/\/www.tharita.fr\/fr\/wp-json\/wp\/v2\/product"}],"about":[{"href":"https:\/\/www.tharita.fr\/fr\/wp-json\/wp\/v2\/types\/product"}],"version-history":[{"count":2,"href":"https:\/\/www.tharita.fr\/fr\/wp-json\/wp\/v2\/product\/5530\/revisions"}],"predecessor-version":[{"id":6255,"href":"https:\/\/www.tharita.fr\/fr\/wp-json\/wp\/v2\/product\/5530\/revisions\/6255"}],"wp:featuredmedia":[{"embeddable":true,"href":"https:\/\/www.tharita.fr\/fr\/wp-json\/wp\/v2\/media\/4648"}],"wp:attachment":[{"href":"https:\/\/www.tharita.fr\/fr\/wp-json\/wp\/v2\/media?parent=5530"}],"wp:term":[{"taxonomy":"product_brand","embeddable":true,"href":"https:\/\/www.tharita.fr\/fr\/wp-json\/wp\/v2\/product_brand?post=5530"},{"taxonomy":"product_cat","embeddable":true,"href":"https:\/\/www.tharita.fr\/fr\/wp-json\/wp\/v2\/product_cat?post=5530"},{"taxonomy":"product_tag","embeddable":true,"href":"https:\/\/www.tharita.fr\/fr\/wp-json\/wp\/v2\/product_tag?post=5530"}],"curies":[{"name":"wp","href":"https:\/\/api.w.org\/{rel}","templated":true}]}}